{"id":7634,"date":"2026-03-01T12:32:08","date_gmt":"2026-03-01T11:32:08","guid":{"rendered":"https:\/\/www.agbridge.es\/?page_id=7634"},"modified":"2026-03-01T12:32:08","modified_gmt":"2026-03-01T11:32:08","slug":"torneos-de-bridge-en-galicia-2026","status":"publish","type":"page","link":"https:\/\/www.agbridge.es\/?page_id=7634","title":{"rendered":"Torneos de Bridge en Galicia 2026"},"content":{"rendered":"<p><span style=\"font-size: 10pt;\">Para la informaci\u00f3n detallada de los torneos de bridge organizados en Galicia durante el a\u00f1o <strong>2026<\/strong>, continuar al men\u00fa correspondiente (figura el nombre de cada uno de los Torneos), manteniendo el marcador sobre la etiqueta y seleccionando con un \u2018click\u2019 en el torneo sobre el que te interesa consultar la informaci\u00f3n.<\/span><\/p>\n","protected":false},"excerpt":{"rendered":"<p>Para la informaci\u00f3n detallada de los torneos de bridge organizados en Galicia durante el a\u00f1o 2026, continuar al men\u00fa correspondiente (figura el nombre de cada uno de los Torneos), manteniendo el marcador sobre la etiqueta y seleccionando con un \u2018click\u2019 &hellip; <a href=\"https:\/\/www.agbridge.es\/?page_id=7634\">Sigue leyendo <span class=\"meta-nav\">&rarr;<\/span><\/a><\/p>\n","protected":false},"author":1,"featured_media":0,"parent":0,"menu_order":0,"comment_status":"closed","ping_status":"closed","template":"","meta":{"ngg_post_thumbnail":0,"footnotes":""},"class_list":["post-7634","page","type-page","status-publish","hentry"],"_links":{"self":[{"href":"https:\/\/www.agbridge.es\/index.php?rest_route=\/wp\/v2\/pages\/7634","targetHints":{"allow":["GET"]}}],"collection":[{"href":"https:\/\/www.agbridge.es\/index.php?rest_route=\/wp\/v2\/pages"}],"about":[{"href":"https:\/\/www.agbridge.es\/index.php?rest_route=\/wp\/v2\/types\/page"}],"author":[{"embeddable":true,"href":"https:\/\/www.agbridge.es\/index.php?rest_route=\/wp\/v2\/users\/1"}],"replies":[{"embeddable":true,"href":"https:\/\/www.agbridge.es\/index.php?rest_route=%2Fwp%2Fv2%2Fcomments&post=7634"}],"version-history":[{"count":0,"href":"https:\/\/www.agbridge.es\/index.php?rest_route=\/wp\/v2\/pages\/7634\/revisions"}],"wp:attachment":[{"href":"https:\/\/www.agbridge.es\/index.php?rest_route=%2Fwp%2Fv2%2Fmedia&parent=7634"}],"curies":[{"name":"wp","href":"https:\/\/api.w.org\/{rel}","templated":true}]}}