{"id":7618,"date":"2026-03-01T12:23:38","date_gmt":"2026-03-01T11:23:38","guid":{"rendered":"https:\/\/www.agbridge.es\/?page_id=7618"},"modified":"2026-03-01T18:50:52","modified_gmt":"2026-03-01T17:50:52","slug":"torneo-nacional-de-bridge-lugo-2026","status":"publish","type":"page","link":"https:\/\/www.agbridge.es\/?page_id=7618","title":{"rendered":"Torneo Nacional de Bridge Lugo 2026"},"content":{"rendered":"<p style=\"text-align: justify;\"><span style=\"font-family: arial, helvetica, sans-serif; font-size: 10pt;\"><img loading=\"lazy\" decoding=\"async\" class=\"size-full wp-image-7621 aligncenter\" src=\"https:\/\/www.agbridge.es\/wp-content\/uploads\/2026\/02\/Composicion-fotos-scaled.jpg\" alt=\"\" width=\"2560\" height=\"1036\" srcset=\"https:\/\/www.agbridge.es\/wp-content\/uploads\/2026\/02\/Composicion-fotos-scaled.jpg 2560w, https:\/\/www.agbridge.es\/wp-content\/uploads\/2026\/02\/Composicion-fotos-300x121.jpg 300w, https:\/\/www.agbridge.es\/wp-content\/uploads\/2026\/02\/Composicion-fotos-1024x414.jpg 1024w, https:\/\/www.agbridge.es\/wp-content\/uploads\/2026\/02\/Composicion-fotos-768x311.jpg 768w, https:\/\/www.agbridge.es\/wp-content\/uploads\/2026\/02\/Composicion-fotos-1536x621.jpg 1536w, https:\/\/www.agbridge.es\/wp-content\/uploads\/2026\/02\/Composicion-fotos-2048x829.jpg 2048w\" sizes=\"auto, (max-width: 2560px) 100vw, 2560px\" \/>Desde hace ya muchos a\u00f1os, gracias al encomiable trabajo personal de nuestra amiga <strong>Elvira Palmeiro<\/strong>, se viene organizando en esta milenaria ciudad una de las competiciones de bridge -de categor\u00eda internacional- m\u00e1s importantes de todas las que se celebran en Espa\u00f1a; por eso es una gran satisfacci\u00f3n tener, un a\u00f1o m\u00e1s, la gran oportunidad de informar sobre el <span style=\"text-decoration: underline;\"><strong><span style=\"font-size: 12pt;\">Torneo de Bridge de Lugo<\/span><\/strong><\/span><span style=\"font-size: 10pt;\">,<\/span> poder publicar la cr\u00f3nica de este prestigioso torneo y comentar el reconocimiento que el mismo alcanza en el calendario nacional de bridge, y que, de nuevo, convoc\u00f3 -con un notable \u00e9xito de organizaci\u00f3n- este pasado fin de semana (<strong>viernes 27 y s\u00e1bado 28 de febrero<\/strong>) en los salones del <strong>Hotel M\u00e9ndez N\u00fa\u00f1ez<\/strong>&nbsp;a un total de <strong>138 (CIENTO TREINTA Y OCHO JUGADORES)<\/strong>.<\/span><\/p>\n<p><img loading=\"lazy\" decoding=\"async\" class=\"wp-image-7622 alignleft\" src=\"https:\/\/www.agbridge.es\/wp-content\/uploads\/2026\/02\/Portada-Programa-2026.jpg\" alt=\"\" width=\"140\" height=\"172\" srcset=\"https:\/\/www.agbridge.es\/wp-content\/uploads\/2026\/02\/Portada-Programa-2026.jpg 2059w, https:\/\/www.agbridge.es\/wp-content\/uploads\/2026\/02\/Portada-Programa-2026-244x300.jpg 244w, https:\/\/www.agbridge.es\/wp-content\/uploads\/2026\/02\/Portada-Programa-2026-833x1024.jpg 833w, https:\/\/www.agbridge.es\/wp-content\/uploads\/2026\/02\/Portada-Programa-2026-768x944.jpg 768w, https:\/\/www.agbridge.es\/wp-content\/uploads\/2026\/02\/Portada-Programa-2026-1250x1536.jpg 1250w, https:\/\/www.agbridge.es\/wp-content\/uploads\/2026\/02\/Portada-Programa-2026-1666x2048.jpg 1666w\" sizes=\"auto, (max-width: 140px) 100vw, 140px\" \/><\/p>\n<p style=\"text-align: justify;\"><span style=\"font-family: arial, helvetica, sans-serif; font-size: 10pt;\">Adem\u00e1s de la magn\u00edfica participaci\u00f3n hay que destacar el extraordinario nivel de esta competici\u00f3n contando con una amplia representaci\u00f3n de algunos de los mejores jugadores de Espa\u00f1a y otros de primer nivel procedentes del extranjero, principalmente de Portugal.<\/span><\/p>\n<p style=\"text-align: justify;\"><span style=\"font-family: arial, helvetica, sans-serif; font-size: 10pt;\">Felicitamos, un a\u00f1o m\u00e1s a <strong>Elvira <\/strong>por el excelente trabajo que viene desarrollando por el bridge de Lugo y de Galicia y por el \u00e9xito de este extraordinario Torneo de Lugo.<\/span><\/p>\n<p><span style=\"font-family: georgia, palatino, serif;\"><strong>\u00a1Hasta el pr\u00f3ximo a\u00f1o!<\/strong><\/span><a href=\"https:\/\/www.agbridge.es\/wp-content\/uploads\/2013\/04\/Logo-C%C3%ADrculo.jpg\"><br \/>\n<\/a><\/p>\n<address><span style=\"font-size: 10pt;\">La direcci\u00f3n t\u00e9cnica estuvo a cargo del \u00e1rbitro <strong>Ram\u00f3n Quir\u00f3s Garc\u00eda<\/strong>.<\/span><\/address>\n<address><span style=\"font-size: 10pt;\"><a href=\"https:\/\/www.agbridge.es\/wp-content\/uploads\/2025\/11\/Torneo-Bridge-Lugo-2026.pdf\" target=\"_blank\" rel=\"noopener\"><span style=\"text-decoration: underline;\"><strong>Programa Torneo Nacional Lugo 2026<\/strong><\/span><\/a><\/span><\/address>\n<address>\n<address><span style=\"font-size: 10pt;\"><strong><em>Resultados de las dos sesiones (\u2018click\u2019 sobre los siguientes enlaces):<\/em><\/strong><\/span><\/address>\n<address><span style=\"color: #000000;\"><a style=\"color: #000000;\" href=\"https:\/\/www.agbridge.es\/wp-content\/uploads\/2026\/02\/Cuaderno-Manos-1a-sesion.-Lugo-2026.pdf\" target=\"_blank\" rel=\"noopener\"><strong><span style=\"text-decoration: underline; font-size: 10pt;\">Cuaderno de Manos. 1\u00aa sesi\u00f3n<\/span><\/strong><\/a><\/span><\/address>\n<address><a href=\"https:\/\/www.agbridge.es\/wp-content\/uploads\/2026\/02\/Hojas-de-ruta-1a-sesion.-Lugo-2026.pdf\" target=\"_blank\" rel=\"noopener\"><span style=\"text-decoration: underline;\"><span style=\"font-size: 10pt;\"><strong>Hojas de ruta. Primera sesi\u00f3n<\/strong><\/span><\/span><\/a><\/address>\n<address><a href=\"https:\/\/www.agbridge.es\/wp-content\/uploads\/2026\/02\/Resultados-1a-sesion.-Lugo-2026.pdf\" target=\"_blank\" rel=\"noopener\"><span style=\"text-decoration: underline;\"><span style=\"font-size: 10pt;\"><strong>Resultados &nbsp;1\u00aa sesi\u00f3n<\/strong><\/span><\/span><\/a><\/address>\n<address><a href=\"https:\/\/www.agbridge.es\/wp-content\/uploads\/2026\/03\/Cuaderno-de-manos-2a-sesion.-Lugo-2026.pdf\" target=\"_blank\" rel=\"noopener\"><span style=\"color: #000000;\"><strong><span style=\"text-decoration: underline; font-size: 10pt;\">Cuaderno de Manos. 2\u00aa sesi\u00f3n<\/span><\/strong><\/span><\/a><\/address>\n<address><a href=\"https:\/\/www.agbridge.es\/wp-content\/uploads\/2026\/03\/Hojas-de-ruta-2a-sesion.-Lugo-2026.pdf\" target=\"_blank\" rel=\"noopener\"><span style=\"text-decoration: underline;\"><span style=\"font-size: 10pt;\"><strong>Hojas de ruta. Segunda sesi\u00f3n<\/strong><\/span><\/span><\/a><\/address>\n<address><a href=\"https:\/\/www.agbridge.es\/wp-content\/uploads\/2026\/03\/Clasificacion-final.-Lugo-2026.pdf\" target=\"_blank\" rel=\"noopener\"><span style=\"text-decoration: underline;\"><span style=\"font-size: 10pt;\"><strong>Clasificaci\u00f3n final<\/strong><\/span><\/span><\/a><\/address>\n<address>&nbsp;<\/address>\n<address><span style=\"text-decoration: underline;\"><span style=\"font-size: 10pt; font-family: tahoma, arial, helvetica, sans-serif; color: #800000;\"><strong>Resumen de la clasificaci\u00f3n final (Premios):<\/strong><\/span><\/span><\/address>\n<address><span style=\"font-size: 10pt;\"><strong>Ganadoras del torneo: Mar\u00eda S\u00e1inz de Vicu\u00f1a Primo de Rivera \u2013 Luis Lantar\u00f3n Pinedo<\/strong><\/span><\/address>\n<address><span style=\"font-size: 10pt;\"><strong>2\u00ba<sup>s<\/sup> clasificados: Juan Mart\u00edn Cano &#8211; Patricia Navarro Rodr\u00edguez<\/strong><\/span><\/address>\n<address><span style=\"font-size: 10pt;\"><strong>3\u00ba<sup>s<\/sup> clasificados: Paulo Pinto &#8211; Gonzalo Nas\u00e7imiento<\/strong><\/span><\/address>\n<address><span style=\"font-size: 10pt;\"><strong>4<sup>os<\/sup> clasificados: Eduardo Pinto \u2013 Paulo Pessanha<\/strong><\/span><\/address>\n<address><span style=\"font-size: 10pt;\"><strong>5\u00ba<sup>s<\/sup> clasificados: Condesa de Castel Blanco &#8211; Conde de Castel Blanco<\/strong><\/span><\/address>\n<address><span style=\"font-size: 10pt;\"><strong>1\u00aa Pareja de Galicia: \u00c1ngela Ramos Caridad &#8211; Jes\u00fas \u00c1ngel Junquera Llaneza<\/strong><\/span><\/address>\n<address><strong><span style=\"font-size: 10pt;\">1\u00aa Pareja de Castilla y Le\u00f3n: Jos\u00e9 Luis Garcia Larrouy &#8211; Juan Rodrigo Valderrama Alcalde<\/span><\/strong><\/address>\n<address><span style=\"font-size: 10pt;\"><strong>1\u00aa Pareja Portugal:&nbsp;<\/strong><\/span><span style=\"color: #000000; font-size: small;\"><b><span style=\"caret-color: #000000;\">Jo\u00e3o Ferreira &#8211; <\/span>Miguel<span style=\"caret-color: #000000;\"> Lima<\/span><\/b><\/span><\/address>\n<address><span style=\"font-size: 10pt;\"><strong>1\u00aa Pareja Asturias: Margarita Fern\u00e1ndez Men\u00e9ndez &#8211; Marc Chappell<\/strong><\/span><\/address>\n<address><span style=\"font-size: 10pt;\"><strong>1\u00aa Pareja de 2\u00aa categor\u00eda: Pablo Alonso P\u00e9rez &#8211; Luis Gonzaga D\u00edez Puertas<\/strong><\/span><\/address>\n<address><span style=\"font-size: 10pt;\"><strong>1\u00aa Pareja de 3\u00aa categor\u00eda: Mar\u00eda Dolores L\u00f3pez Morais &#8211; Mar\u00eda Adoraci\u00f3n Blanco Ru\u00edz<\/strong><\/span><\/address>\n<address><span style=\"color: #800000;\"><strong><span style=\"text-decoration: underline; font-family: tahoma, arial, helvetica, sans-serif; font-size: 10pt;\">Premios especiales<\/span><\/strong><\/span><\/address>\n<address><span style=\"font-size: 10pt;\"><strong>C.P Lugo (27): Pedro Gon\u00e7alves Caballero- Manuel Jes\u00fas Ra\u00edces Madri\u00f1\u00e1n<\/strong><\/span><\/address>\n<address><strong><span style=\"font-size: small;\">A la media: Carmen Fern\u00e1ndez Casabella &#8211; Mar\u00eda <\/span><span style=\"color: #000000; font-size: small;\"><span style=\"caret-color: #000000;\">Del Prado<\/span><\/span><span style=\"font-size: small;\"> Gonz\u00e1lez Ru\u00edz<\/span><\/strong><\/address>\n<address>&nbsp;<\/address>\n<address><span style=\"text-decoration: underline; color: #800000;\"><span style=\"font-family: tahoma, arial, helvetica, sans-serif; font-size: 10pt;\">Fotograf\u00edas de la entrega de premios. (Para ampliar im\u00e1genes &#8216;Click&#8217; sobre la miniatura)<\/span><\/span><\/address>\n<address>ngg_shortcode_0_placeholder<\/address>\n<\/address>\n","protected":false},"excerpt":{"rendered":"<p>Desde hace ya muchos a\u00f1os, gracias al encomiable trabajo personal de nuestra amiga Elvira Palmeiro, se viene organizando en esta milenaria ciudad una de las competiciones de bridge -de categor\u00eda internacional- m\u00e1s importantes de todas las que se celebran en &hellip; <a href=\"https:\/\/www.agbridge.es\/?page_id=7618\">Sigue leyendo <span class=\"meta-nav\">&rarr;<\/span><\/a><\/p>\n","protected":false},"author":1,"featured_media":0,"parent":0,"menu_order":0,"comment_status":"closed","ping_status":"closed","template":"","meta":{"ngg_post_thumbnail":0,"footnotes":""},"class_list":["post-7618","page","type-page","status-publish","hentry"],"_links":{"self":[{"href":"https:\/\/www.agbridge.es\/index.php?rest_route=\/wp\/v2\/pages\/7618","targetHints":{"allow":["GET"]}}],"collection":[{"href":"https:\/\/www.agbridge.es\/index.php?rest_route=\/wp\/v2\/pages"}],"about":[{"href":"https:\/\/www.agbridge.es\/index.php?rest_route=\/wp\/v2\/types\/page"}],"author":[{"embeddable":true,"href":"https:\/\/www.agbridge.es\/index.php?rest_route=\/wp\/v2\/users\/1"}],"replies":[{"embeddable":true,"href":"https:\/\/www.agbridge.es\/index.php?rest_route=%2Fwp%2Fv2%2Fcomments&post=7618"}],"version-history":[{"count":0,"href":"https:\/\/www.agbridge.es\/index.php?rest_route=\/wp\/v2\/pages\/7618\/revisions"}],"wp:attachment":[{"href":"https:\/\/www.agbridge.es\/index.php?rest_route=%2Fwp%2Fv2%2Fmedia&parent=7618"}],"curies":[{"name":"wp","href":"https:\/\/api.w.org\/{rel}","templated":true}]}}