{"id":7483,"date":"2025-06-01T18:36:10","date_gmt":"2025-06-01T16:36:10","guid":{"rendered":"https:\/\/www.agbridge.es\/?page_id=7483"},"modified":"2026-03-08T18:21:46","modified_gmt":"2026-03-08T17:21:46","slug":"xxxviii-torneo-de-bridge-ciudad-de-la-coruna-2025","status":"publish","type":"page","link":"https:\/\/www.agbridge.es\/?page_id=7483","title":{"rendered":"XXXVIII Torneo de Bridge &#8216;Ciudad de La Coru\u00f1a&#8217; 2025"},"content":{"rendered":"<p style=\"text-align: justify;\"><span style=\"font-family: arial, helvetica, sans-serif; font-size: 10pt;\"><img loading=\"lazy\" decoding=\"async\" class=\"wp-image-7451 aligncenter\" src=\"https:\/\/www.agbridge.es\/wp-content\/uploads\/2025\/06\/Composicion-portada-web-1.jpg\" alt=\"\" width=\"621\" height=\"420\" srcset=\"https:\/\/www.agbridge.es\/wp-content\/uploads\/2025\/06\/Composicion-portada-web-1.jpg 1875w, https:\/\/www.agbridge.es\/wp-content\/uploads\/2025\/06\/Composicion-portada-web-1-300x203.jpg 300w, https:\/\/www.agbridge.es\/wp-content\/uploads\/2025\/06\/Composicion-portada-web-1-1024x693.jpg 1024w, https:\/\/www.agbridge.es\/wp-content\/uploads\/2025\/06\/Composicion-portada-web-1-768x520.jpg 768w, https:\/\/www.agbridge.es\/wp-content\/uploads\/2025\/06\/Composicion-portada-web-1-1536x1040.jpg 1536w\" sizes=\"auto, (max-width: 621px) 100vw, 621px\" \/>Los d\u00edas 30 y 31 de mayo de 2025 se celebr\u00f3 el <\/span><strong style=\"font-size: 10pt;\">XXXVIII Torneo de Bridge \u2018Ciudad de La Coru\u00f1a\u2019<\/strong><span style=\"font-family: arial, helvetica, sans-serif; font-size: 10pt;\">, la competici\u00f3n m\u00e1s veterana y una de las m\u00e1s prestigiosas de Galicia, que organiza anualmente el <\/span><strong style=\"font-size: 10pt;\">Real Club N\u00e1utico de La Coru\u00f1a<\/strong><span style=\"font-family: arial, helvetica, sans-serif; font-size: 10pt;\">.<\/span><\/p>\n<p style=\"text-align: justify;\"><span style=\"font-size: 10pt; font-family: arial, helvetica, sans-serif;\">Una vez m\u00e1s, este a\u00f1o el torneo cont\u00f3 con una notable asistencia, el m\u00e1ximo de jugadores previsto en la convocatoria -limitado por exigencias de aforo de las salas a 60 parejas- se complet\u00f3 inmediatamente, y este hecho motiv\u00f3 que, lamentablemente, algunos de los jugadores habituales, algunos muy relevantes por su extraordinaria categor\u00eda en el bridge internacional, se quedaran sin poder jugar.<\/span><\/p>\n<p><span style=\"font-family: tahoma, arial, helvetica, sans-serif; font-size: 10pt;\"><strong>\u00a1Enhorabuena al Real Club N\u00e1utico de La Coru\u00f1a por la magn\u00edfica organizaci\u00f3n del torneo!<\/strong><\/span><\/p>\n<p><img loading=\"lazy\" decoding=\"async\" class=\"alignnone size-full wp-image-7452\" src=\"https:\/\/www.agbridge.es\/wp-content\/uploads\/2025\/06\/Vista-aerea-A-Coruna.jpg\" alt=\"\" width=\"1476\" height=\"648\" srcset=\"https:\/\/www.agbridge.es\/wp-content\/uploads\/2025\/06\/Vista-aerea-A-Coruna.jpg 1476w, https:\/\/www.agbridge.es\/wp-content\/uploads\/2025\/06\/Vista-aerea-A-Coruna-300x132.jpg 300w, https:\/\/www.agbridge.es\/wp-content\/uploads\/2025\/06\/Vista-aerea-A-Coruna-1024x450.jpg 1024w, https:\/\/www.agbridge.es\/wp-content\/uploads\/2025\/06\/Vista-aerea-A-Coruna-768x337.jpg 768w\" sizes=\"auto, (max-width: 1476px) 100vw, 1476px\" \/><\/p>\n<p><a href=\"https:\/\/www.agbridge.es\/wp-content\/uploads\/2025\/03\/XXXVIII-Torneo-de-Bridge-Ciudad-de-La-Coruna.pdf\" target=\"_blank\" rel=\"noopener\"><span style=\"text-decoration: underline; font-family: tahoma, arial, helvetica, sans-serif; font-size: 10pt;\"><strong>Programa XXXVIII Torneo de Bridge<\/strong><\/span><\/a> <span style=\"font-family: tahoma, arial, helvetica, sans-serif; font-size: 10pt;\"><span style=\"font-size: 10pt;\"><em>(para ver el programa del Torneo, \u2018click\u2019 sobre el enlace)<\/em><\/span><\/span><\/p>\n<div class=\"entry-content\">\n<p><span style=\"font-size: 10pt;\">La direcci\u00f3n t\u00e9cnica del torneo estuvo a cargo de<strong>&nbsp;Dolores de Avil\u00e9s Mart\u00ednez<\/strong>.<\/span><\/p>\n<\/div>\n<div class=\"entry-content\">\n<p><span style=\"font-size: 10pt; font-family: helvetica, arial, sans-serif;\"><strong>Resultados y manos jugadas en cada una de las dos sesiones <\/strong>(\u2018click\u2019 sobre los siguientes enlaces)<strong>:<\/strong><\/span><\/p>\n<address><span style=\"font-size: 10pt; font-family: tahoma, arial, helvetica, sans-serif;\"><strong>Primera sesi\u00f3n:<\/strong><\/span><\/address>\n<address><span style=\"font-family: verdana, geneva, sans-serif;\"><a href=\"https:\/\/www.agbridge.es\/wp-content\/uploads\/2025\/06\/Resultados-y-Manos-1a-sesion.-RCNC-2025.pdf\" target=\"_blank\" rel=\"noopener\"><span style=\"text-decoration: underline;\"><span style=\"font-size: 10pt;\">XXXVIII Torneo Ciudad de La Coru\u00f1a. 1\u00aa Sesi\u00f3n. Resultados y Manos<\/span><\/span><\/a><\/span><\/address>\n<address><span style=\"font-family: verdana, geneva, sans-serif;\"><a href=\"https:\/\/www.agbridge.es\/wp-content\/uploads\/2025\/06\/Hojas-de-ruta-1a-sesion.-RCNC-2025.pdf\" target=\"_blank\" rel=\"noopener\"><span style=\"text-decoration: underline;\"><span style=\"font-size: 10pt;\">XXXVIII Torneo Ciudad de La Coru\u00f1a. 1\u00aa Sesi\u00f3n. Hojas de ruta<\/span><\/span><\/a><\/span><\/address>\n<address>&nbsp;<\/address>\n<address><span style=\"font-size: 10pt; font-family: tahoma, arial, helvetica, sans-serif;\"><strong>Segunda sesi\u00f3n (Final):<\/strong><\/span><\/address>\n<address>\n<address><span style=\"font-family: verdana, geneva, sans-serif;\"><a href=\"https:\/\/www.agbridge.es\/wp-content\/uploads\/2025\/06\/Resultados-y-Manos-FINAL.-RCNC-2025.pdf\" target=\"_blank\" rel=\"noopener\"><span style=\"text-decoration: underline;\"><span style=\"font-size: 10pt;\">XXXVIII Torneo Ciudad de La Coru\u00f1a. Resultados y Manos<\/span><\/span><\/a><\/span><\/address>\n<address><span style=\"font-family: verdana, geneva, sans-serif;\"><a href=\"https:\/\/www.agbridge.es\/wp-content\/uploads\/2025\/06\/Hojas-de-ruta-2a-sesion.-RCNC-2025.pdf\" target=\"_blank\" rel=\"noopener\"><span style=\"text-decoration: underline;\"><span style=\"font-size: 10pt;\">XXXVIII Torneo Ciudad de La Coru\u00f1a. 2\u00aa Sesi\u00f3n. Hojas de ruta<\/span><\/span><\/a><\/span><\/address>\n<address>&nbsp;<\/address>\n<address>\n<address><span style=\"text-decoration: underline; font-size: 10pt; font-family: georgia, palatino, serif;\"><strong>Resumen de la clasificaci\u00f3n final (Premios):<\/strong><\/span><\/address>\n<address><strong><span style=\"font-size: 10pt;\">Primeros clasificados y Ganadores del torneo: Miguel&nbsp;<\/span><\/strong><span style=\"font-size: small;\"><b>Cerquinho &#8211; Jose Antonio Sousa<\/b><\/span><\/address>\n<address><strong><span style=\"font-size: 10pt;\">2<sup>os<\/sup> clasificados: Alejandro Gaytan de Ayala &#8211; Patrice Fincias<\/span><\/strong><\/address>\n<address><strong><span style=\"font-size: small;\">3<\/span><span style=\"font-size: 10pt;\"><sup>os<\/sup><\/span><span style=\"font-size: small;\"> clasificados: Mar\u00eda S\u00e1inz de Vicu\u00f1a Primo de Rivera &#8211; Luis Lantar\u00f3n Pinedo<\/span><\/strong><\/address>\n<address><strong><span style=\"font-size: 10pt;\">4<sup>os<\/sup> clasificados: Susana Riveiro Ferreiro &#8211; \u00c1lvaro S\u00e1nchez-Monge Morante<\/span><\/strong><\/address>\n<address><strong><span style=\"font-size: 10pt;\">5<sup>os<\/sup> clasificados: Almudena Malumbres Vicente &#8211; Artur Wasik<\/span><\/strong><\/address>\n<address><strong><span style=\"font-size: small;\">1\u00aa pareja sin jugadores de 1\u00aa categor\u00eda: Margarita D\u00edaz-Saavedra Su\u00e1rez &#8211; M\u00aa Carmen G\u00f3mez Garcia<\/span><\/strong><\/address>\n<address><strong><span style=\"font-size: small;\">2\u00aa pareja sin jugadores de 1\u00aa categor\u00eda: Elvira Malpica Saleta &#8211; Manuela Malpica Saleta<\/span><\/strong><\/address>\n<address><strong><span style=\"font-size: 10pt;\">1\u00aa pareja sin jugadores de 1\u00aa y 2\u00aa categor\u00eda: Miguel Romero Bandeira &#8211; Paz Romero Bandeira<\/span><\/strong><\/address>\n<address><strong><span style=\"font-size: 10pt;\">2\u00aa pareja sin jugadores de 1\u00aa y 2\u00aa categor\u00eda: Julieta Morros-Sard\u00e1 Montenegro &#8211; Jos\u00e9 Mar\u00eda Berm\u00fadez de la Puente<\/span><\/strong><\/address>\n<address><strong><span style=\"font-size: 10pt;\">1\u00aa pareja R.C.N.C.: Pancha Novo Prego &#8211; Fuensanta P\u00e9rez Rubido<\/span><\/strong><\/address>\n<address><strong><span style=\"font-size: 10pt;\">1\u00aa pareja Territorial (NO A.G.B.) con mayor<\/span><\/strong><br \/>\n<strong><span style=\"font-size: 10pt;\">representaci\u00f3n en el torneo.: Mark Chappell &#8211; Jes\u00fas Ferm\u00edn Jim\u00e9nez<\/span><\/strong><\/address>\n<address>&nbsp;<\/address>\n<address>\n<address><strong><span style=\"font-size: 10pt; font-family: tahoma, arial, helvetica, sans-serif;\">Galer\u00eda de fotos del torneo, para ampliar o pasar las fotos, \u2018click\u2019 sobre las im\u00e1genes.<\/span><\/strong><\/address>\n<address><strong><span style=\"font-size: 10pt;\">Entrega de Premios \u2013 Sal\u00f3n de juego<\/span><\/strong><\/address>\n<address>\n<address><span style=\"font-size: 10pt;\">Galer\u00eda de fotos del torneo, para ampliar o pasar las fotos, \u2018click\u2019 sobre las im\u00e1genes<\/span><\/address>\n<address>&nbsp;<\/address>\n<address>&nbsp;<\/address>\n<address>ngg_shortcode_0_placeholderngg_shortcode_1_placeholder<\/address>\n<address>&nbsp;<\/address>\n<\/address>\n<\/address>\n<\/address>\n<\/address>\n<\/div>\n","protected":false},"excerpt":{"rendered":"<p>Los d\u00edas 30 y 31 de mayo de 2025 se celebr\u00f3 el XXXVIII Torneo de Bridge \u2018Ciudad de La Coru\u00f1a\u2019, la competici\u00f3n m\u00e1s veterana y una de las m\u00e1s prestigiosas de Galicia, que organiza anualmente el Real Club N\u00e1utico de &hellip; <a href=\"https:\/\/www.agbridge.es\/?page_id=7483\">Sigue leyendo <span class=\"meta-nav\">&rarr;<\/span><\/a><\/p>\n","protected":false},"author":1,"featured_media":0,"parent":7396,"menu_order":4,"comment_status":"closed","ping_status":"closed","template":"","meta":{"ngg_post_thumbnail":0,"footnotes":""},"class_list":["post-7483","page","type-page","status-publish","hentry"],"_links":{"self":[{"href":"https:\/\/www.agbridge.es\/index.php?rest_route=\/wp\/v2\/pages\/7483","targetHints":{"allow":["GET"]}}],"collection":[{"href":"https:\/\/www.agbridge.es\/index.php?rest_route=\/wp\/v2\/pages"}],"about":[{"href":"https:\/\/www.agbridge.es\/index.php?rest_route=\/wp\/v2\/types\/page"}],"author":[{"embeddable":true,"href":"https:\/\/www.agbridge.es\/index.php?rest_route=\/wp\/v2\/users\/1"}],"replies":[{"embeddable":true,"href":"https:\/\/www.agbridge.es\/index.php?rest_route=%2Fwp%2Fv2%2Fcomments&post=7483"}],"version-history":[{"count":0,"href":"https:\/\/www.agbridge.es\/index.php?rest_route=\/wp\/v2\/pages\/7483\/revisions"}],"up":[{"embeddable":true,"href":"https:\/\/www.agbridge.es\/index.php?rest_route=\/wp\/v2\/pages\/7396"}],"wp:attachment":[{"href":"https:\/\/www.agbridge.es\/index.php?rest_route=%2Fwp%2Fv2%2Fmedia&parent=7483"}],"curies":[{"name":"wp","href":"https:\/\/api.w.org\/{rel}","templated":true}]}}