{"id":575,"date":"2011-07-22T19:44:11","date_gmt":"2011-07-22T17:44:11","guid":{"rendered":"https:\/\/www.agbridge.es\/?page_id=575"},"modified":"2019-02-25T16:11:30","modified_gmt":"2019-02-25T15:11:30","slug":"ferderaciones-internacionales-de-bridge","status":"publish","type":"page","link":"https:\/\/www.agbridge.es\/?page_id=575","title":{"rendered":"Federaciones Internacionales de Bridge"},"content":{"rendered":"<p>&nbsp;<span style=\"font-size: small;\"><em>Para el acceso a las distintas p\u00e1ginas web, haz &#8216;click&#8217; sobre los logos.<\/em><\/span><\/p>\n<p style=\"text-align: justify;\"><a href=\"http:\/\/www.worldbridge.org\/home.asp\" target=\"_blank\" rel=\"noopener\"><img loading=\"lazy\" decoding=\"async\" style=\"vertical-align: middle;\" title=\"BWF Logo\" src=\"https:\/\/www.agbridge.es\/wp-content\/uploads\/2011\/07\/BWF-Logo1-150x150.gif\" alt=\"World Bridge Federation\" width=\"52\" height=\"52\"><\/a>&nbsp;<span class=\"Apple-style-span\" style=\"font-size: small; font-family: arial, helvetica, sans-serif; line-height: 19px;\">World Bridge Federation<\/span><\/p>\n<p><span style=\"font-size: small; font-family: arial, helvetica, sans-serif;\"><a href=\"http:\/\/www.eurobridge.org\" target=\"_blank\" rel=\"noopener\"><img loading=\"lazy\" decoding=\"async\" class=\"alignnone\" style=\"vertical-align: middle;\" title=\"EBL Logo\" src=\"https:\/\/www.agbridge.es\/wp-content\/uploads\/2011\/07\/EBL-Logo.gif\" alt=\"European Bridge League\" width=\"64\" height=\"34\"><\/a> European Bridge League<\/span><\/p>\n<p style=\"text-align: justify;\">&nbsp;<span style=\"font-family: arial, helvetica, sans-serif;\"><span class=\"Apple-style-span\" style=\"line-height: 19px; font-size: small;\"><a href=\"http:\/\/www.acbl.org\/\" target=\"_blank\" rel=\"noopener\"><img loading=\"lazy\" decoding=\"async\" style=\"vertical-align: middle;\" title=\"ACBL Logo\" src=\"https:\/\/www.agbridge.es\/wp-content\/uploads\/2011\/07\/ACBL-Logo-150x78.gif\" alt=\"American Contract Bridge League\" width=\"90\" height=\"47\"><\/a><\/span><\/span><span style=\"font-size: small; font-family: arial, helvetica, sans-serif;\"><span class=\"Apple-style-span\" style=\"line-height: 19px;\">American Contract Bridge League<\/span><\/span><\/p>\n<p style=\"text-align: justify;\"><a href=\"https:\/\/www.ffbridge.fr\" target=\"_blank\" rel=\"noopener\"><img loading=\"lazy\" decoding=\"async\" class=\"alignnone\" style=\"vertical-align: middle;\" title=\"EscudoFrancesa\" src=\"https:\/\/www.agbridge.es\/wp-content\/uploads\/2011\/07\/EscudoFrancesa.jpg\" alt=\"F\u00e8d\u00e8ration Fran\u00e7aise de Bridge (Federaci\u00f3n Francesa de Bridge) \" width=\"67\" height=\"43\"><\/a><span style=\"font-size: small; font-family: arial, helvetica, sans-serif;\"> F\u00e8d\u00e8ration Fran\u00e7aise de Bridge (Federaci\u00f3n Francesa de Bridge)&nbsp;<\/span><\/p>\n<p style=\"text-align: justify;\">&nbsp;<a href=\"http:\/\/www.federbridge.it\" target=\"_blank\" rel=\"noopener\"><img loading=\"lazy\" decoding=\"async\" class=\"alignnone\" style=\"vertical-align: middle;\" title=\"FIGB Logo\" src=\"https:\/\/www.agbridge.es\/wp-content\/uploads\/2011\/07\/FIGB-Logo.gif\" alt=\"Federazione Italiana Gioco Bridge (Federaci\u00f3n Italiana de Bridge)\" width=\"43\" height=\"56\"><\/a><span style=\"font-size: small; font-family: arial, helvetica, sans-serif;\"> Federazione Italiana Gioco Bridge (Federaci\u00f3n Italiana de Bridge)<\/span><\/p>\n<p style=\"text-align: justify;\">&nbsp;<a href=\"http:\/\/www.fpbridge.pt\" target=\"_blank\" rel=\"noopener\"><img loading=\"lazy\" decoding=\"async\" class=\"alignnone\" style=\"vertical-align: middle;\" title=\"Logo Portugal\" src=\"https:\/\/www.agbridge.es\/wp-content\/uploads\/2011\/07\/Logo-Portugal-150x150.jpg\" alt=\"Federa\u00e7\u00e3o Portuguesa de Bridge (Federaci\u00f3n Portuguesa de Bridge)\" width=\"51\" height=\"51\"><\/a>&nbsp;<span style=\"font-size: small; font-family: arial, helvetica, sans-serif;\">Federa\u00e7\u00e3o Portuguesa de Bridge (Federaci\u00f3n Portuguesa de Bridge)<\/span><\/p>\n<p style=\"text-align: justify;\">&nbsp;<a href=\"http:\/\/www.confsudbridge.org\/\" target=\"_blank\" rel=\"noopener\"><img loading=\"lazy\" decoding=\"async\" style=\"vertical-align: middle;\" title=\"CBS Logo\" src=\"https:\/\/www.agbridge.es\/wp-content\/uploads\/2011\/07\/CBS-Logo.gif\" alt=\"Confederaci\u00f3n Sudamericana de Bridge\" width=\"56\" height=\"55\"><\/a>&nbsp;&nbsp;<span style=\"font-size: small; font-family: arial, helvetica, sans-serif;\">Confederaci\u00f3n Sudamericana de Bridge<\/span><\/p>\n<p style=\"text-align: justify;\"><a href=\"http:\/\/www.worldbridge.org\/zones\/zonelist.asp?qzone=1\" target=\"_blank\" rel=\"noopener\"><img loading=\"lazy\" decoding=\"async\" style=\"vertical-align: middle;\" title=\"Europa\" src=\"https:\/\/www.agbridge.es\/wp-content\/uploads\/2011\/07\/Europa.jpg\" alt=\"Directorio de Federaciones Europeas en WBF\" width=\"58\" height=\"39\"><\/a>&nbsp;&nbsp;<span style=\"font-size: small; font-family: arial, helvetica, sans-serif;\">Directorio de Federaciones Europeas en WBF<\/span><\/p>\n","protected":false},"excerpt":{"rendered":"<p>&nbsp;Para el acceso a las distintas p\u00e1ginas web, haz &#8216;click&#8217; sobre los logos. &nbsp;World Bridge Federation European Bridge League &nbsp;American Contract Bridge League F\u00e8d\u00e8ration Fran\u00e7aise de Bridge (Federaci\u00f3n Francesa de Bridge)&nbsp; &nbsp; Federazione Italiana Gioco Bridge (Federaci\u00f3n Italiana de Bridge) &hellip; <a href=\"https:\/\/www.agbridge.es\/?page_id=575\">Sigue leyendo <span class=\"meta-nav\">&rarr;<\/span><\/a><\/p>\n","protected":false},"author":1,"featured_media":0,"parent":0,"menu_order":0,"comment_status":"closed","ping_status":"open","template":"","meta":{"ngg_post_thumbnail":0,"footnotes":""},"class_list":["post-575","page","type-page","status-publish","hentry"],"_links":{"self":[{"href":"https:\/\/www.agbridge.es\/index.php?rest_route=\/wp\/v2\/pages\/575","targetHints":{"allow":["GET"]}}],"collection":[{"href":"https:\/\/www.agbridge.es\/index.php?rest_route=\/wp\/v2\/pages"}],"about":[{"href":"https:\/\/www.agbridge.es\/index.php?rest_route=\/wp\/v2\/types\/page"}],"author":[{"embeddable":true,"href":"https:\/\/www.agbridge.es\/index.php?rest_route=\/wp\/v2\/users\/1"}],"replies":[{"embeddable":true,"href":"https:\/\/www.agbridge.es\/index.php?rest_route=%2Fwp%2Fv2%2Fcomments&post=575"}],"version-history":[{"count":0,"href":"https:\/\/www.agbridge.es\/index.php?rest_route=\/wp\/v2\/pages\/575\/revisions"}],"wp:attachment":[{"href":"https:\/\/www.agbridge.es\/index.php?rest_route=%2Fwp%2Fv2%2Fmedia&parent=575"}],"curies":[{"name":"wp","href":"https:\/\/api.w.org\/{rel}","templated":true}]}}