{"id":3138,"date":"2016-05-10T13:58:58","date_gmt":"2016-05-10T11:58:58","guid":{"rendered":"https:\/\/www.agbridge.es\/?page_id=3138"},"modified":"2017-01-18T20:31:16","modified_gmt":"2017-01-18T18:31:16","slug":"asamblea-general-ordinaria-2016","status":"publish","type":"page","link":"https:\/\/www.agbridge.es\/?page_id=3138","title":{"rendered":"Asamblea General Ordinaria 2016"},"content":{"rendered":"<p style=\"text-align: justify;\"><span style=\"font-family: arial, helvetica, sans-serif; font-size: 10pt;\"><a href=\"https:\/\/www.agbridge.es\/wp-content\/uploads\/2015\/08\/AGB-con-borde.2.jpg\"><img loading=\"lazy\" decoding=\"async\" class=\"wp-image-2617 alignleft\" src=\"https:\/\/www.agbridge.es\/wp-content\/uploads\/2015\/08\/AGB-con-borde.2.jpg\" alt=\"AGB con borde.2\" width=\"114\" height=\"76\" srcset=\"https:\/\/www.agbridge.es\/wp-content\/uploads\/2015\/08\/AGB-con-borde.2.jpg 422w, https:\/\/www.agbridge.es\/wp-content\/uploads\/2015\/08\/AGB-con-borde.2-300x200.jpg 300w\" sizes=\"auto, (max-width: 114px) 100vw, 114px\" \/><\/a>En cumplimiento de lo dispuesto en los Estatutos y de acuerdo con la convocatoria, se ha celebrado el mi\u00e9rcoles\u00a0d\u00eda 27 de Abril\u00a0de 2016,\u00a0la Asamblea General Ordinaria de la Asociaci\u00f3n Gallega de Bridge,\u00a0en la sede de la Asociaci\u00f3n (Real Club N\u00e1utico de La Coru\u00f1a. c\/ Celedonio de Uribe, n\u00ba 1).<\/span><\/p>\n<p style=\"text-align: justify;\"><span style=\"font-family: arial, helvetica, sans-serif; font-size: 10pt;\"><em>Ver texto del anuncio de la Asamblea<\/em>:\u00a0<em><span style=\"text-decoration: underline; font-family: georgia, palatino, serif;\"><a href=\"https:\/\/www.agbridge.es\/wp-content\/uploads\/2016\/04\/Convocatoria-Asamblea-General-2016.pdf\" target=\"_blank\">Convocatoria Asamblea General 2016<\/a><\/span><\/em><\/span><\/p>\n<p style=\"text-align: justify;\"><span style=\"font-family: arial, helvetica, sans-serif; font-size: 10pt;\">Para conocer en detalle los asuntos tratados en la Asamblea General de la AGB, puedes descargar en los siguientes enlaces varios documentos de inter\u00e9s:<\/span><\/p>\n<ul>\n<li style=\"text-align: justify;\"><span style=\"text-decoration: underline; font-size: 10pt;\"><span style=\"font-family: georgia, palatino, serif;\"><a href=\"https:\/\/www.agbridge.es\/wp-content\/uploads\/2016\/05\/Presentaci\u00f3n-Asamblea-2016.pptx\" target=\"_blank\">Presentaci\u00f3n Asamblea<\/a>\u00a0(Formato PowerPoint)<\/span><\/span><\/li>\n<li style=\"text-align: justify;\"><span style=\"text-decoration: underline; font-size: 10pt;\"><span style=\"font-family: georgia, palatino, serif;\"><a href=\"https:\/\/www.agbridge.es\/wp-content\/uploads\/2016\/05\/Cuentas-anuales-2015.pdf\" target=\"_blank\">Cuentas anuales 2015<\/a>\u00a0(formato PDF)<\/span><\/span><\/li>\n<li style=\"text-align: justify;\"><span style=\"text-decoration: underline; font-size: 10pt;\"><span style=\"font-family: georgia, palatino, serif;\"><a href=\"https:\/\/www.agbridge.es\/wp-content\/uploads\/2016\/05\/Resultado-econ\u00f3mico-Torneos-AGB-2015.pdf\" target=\"_blank\">Cuenta de explotaci\u00f3n Torneos A.G.B. 2015<\/a>\u00a0(formato PDF)<\/span><\/span><\/li>\n<li style=\"text-align: justify;\"><span style=\"text-decoration: underline; font-size: 10pt;\"><span style=\"font-family: georgia, palatino, serif;\"><a href=\"https:\/\/www.agbridge.es\/wp-content\/uploads\/2016\/05\/Presupuesto-2016.pdf\" target=\"_blank\">Presupuesto 2016<\/a> (formato PDF)<\/span><\/span><\/li>\n<li style=\"text-align: justify;\"><span style=\"text-decoration: underline; font-size: 10pt;\"><span style=\"font-family: georgia, palatino, serif;\"><a href=\"https:\/\/www.agbridge.es\/wp-content\/uploads\/2016\/05\/Acta-de-la-Asamblea-2016.pdf\" target=\"_blank\">Acta de la Asamblea General 2016<\/a>\u00a0(formato PDF)<\/span><\/span><\/li>\n<\/ul>\n","protected":false},"excerpt":{"rendered":"<p>En cumplimiento de lo dispuesto en los Estatutos y de acuerdo con la convocatoria, se ha celebrado el mi\u00e9rcoles\u00a0d\u00eda 27 de Abril\u00a0de 2016,\u00a0la Asamblea General Ordinaria de la Asociaci\u00f3n Gallega de Bridge,\u00a0en la sede de la Asociaci\u00f3n (Real Club N\u00e1utico &hellip; <a href=\"https:\/\/www.agbridge.es\/?page_id=3138\">Sigue leyendo <span class=\"meta-nav\">&rarr;<\/span><\/a><\/p>\n","protected":false},"author":1,"featured_media":0,"parent":365,"menu_order":0,"comment_status":"closed","ping_status":"closed","template":"","meta":{"ngg_post_thumbnail":0,"footnotes":""},"class_list":["post-3138","page","type-page","status-publish","hentry"],"_links":{"self":[{"href":"https:\/\/www.agbridge.es\/index.php?rest_route=\/wp\/v2\/pages\/3138","targetHints":{"allow":["GET"]}}],"collection":[{"href":"https:\/\/www.agbridge.es\/index.php?rest_route=\/wp\/v2\/pages"}],"about":[{"href":"https:\/\/www.agbridge.es\/index.php?rest_route=\/wp\/v2\/types\/page"}],"author":[{"embeddable":true,"href":"https:\/\/www.agbridge.es\/index.php?rest_route=\/wp\/v2\/users\/1"}],"replies":[{"embeddable":true,"href":"https:\/\/www.agbridge.es\/index.php?rest_route=%2Fwp%2Fv2%2Fcomments&post=3138"}],"version-history":[{"count":0,"href":"https:\/\/www.agbridge.es\/index.php?rest_route=\/wp\/v2\/pages\/3138\/revisions"}],"up":[{"embeddable":true,"href":"https:\/\/www.agbridge.es\/index.php?rest_route=\/wp\/v2\/pages\/365"}],"wp:attachment":[{"href":"https:\/\/www.agbridge.es\/index.php?rest_route=%2Fwp%2Fv2%2Fmedia&parent=3138"}],"curies":[{"name":"wp","href":"https:\/\/api.w.org\/{rel}","templated":true}]}}