{"id":256,"date":"2011-05-14T21:21:08","date_gmt":"2011-05-14T19:21:08","guid":{"rendered":"https:\/\/www.agbridge.es\/?page_id=256"},"modified":"2013-09-12T09:35:47","modified_gmt":"2013-09-12T07:35:47","slug":"enlaces","status":"publish","type":"page","link":"https:\/\/www.agbridge.es\/?page_id=256","title":{"rendered":"Asociaci\u00f3n Espa\u00f1ola de Bridge (AEB) y Territoriales"},"content":{"rendered":"<p><em><span class=\"Apple-style-span\" style=\"line-height: 19px; font-size: small;\">Para el acceso a las distintas p\u00e1ginas web, haz &#8216;click&#8217; sobre los logos.<\/span><\/em><\/p>\n<p><a href=\"http:\/\/aebridge.com\/home.asp\" target=\"_blank\"><img loading=\"lazy\" decoding=\"async\" style=\"vertical-align: middle;\" title=\"AEB Logo\" alt=\"Asociaci\u00f3n Espa\u00f1ola de Bridge\" src=\"https:\/\/www.agbridge.es\/wp-content\/uploads\/2011\/05\/AEB-Logo.gif\" width=\"77\" height=\"30\" \/><\/a><strong><span style=\"font-size: small; font-family: arial,helvetica,sans-serif;\"> Asociaci\u00f3n Espa\u00f1ola de Bridge<\/span><\/strong><\/p>\n<p style=\"text-align: justify;\"><a href=\"http:\/\/www.madridbridge.com\/\" target=\"_blank\"><img loading=\"lazy\" decoding=\"async\" style=\"vertical-align: middle;\" title=\"BCM Logo\" alt=\"Bridge Comunidad de Madrid\" src=\"https:\/\/www.agbridge.es\/wp-content\/uploads\/2011\/05\/BCM-Logo.gif\" width=\"74\" height=\"28\" \/><\/a><strong><span style=\"font-size: small; font-family: arial, helvetica, sans-serif;\"> Bridge Comunidad de Madrid<\/span><\/strong><\/p>\n<p style=\"text-align: justify;\"><a href=\"http:\/\/www.bridge.cat\/\" target=\"_blank\"><img loading=\"lazy\" decoding=\"async\" style=\"vertical-align: middle;\" title=\"ACB Logo\" alt=\"Asociaci\u00f3n Catalana de Bridge\" src=\"https:\/\/www.agbridge.es\/wp-content\/uploads\/2011\/05\/ACB-Logo.jpg\" width=\"74\" height=\"28\" \/><\/a><strong><span style=\"font-size: small; font-family: arial, helvetica, sans-serif;\"> Asociaci\u00f3n Catalana de Bridge<\/span><\/strong><\/p>\n<p style=\"text-align: justify;\"><a href=\"http:\/\/www.abpa.es\" target=\"_blank\"><img loading=\"lazy\" decoding=\"async\" style=\"vertical-align: middle;\" title=\"ABPA Logo\" alt=\"Asociaci\u00f3n de Bridge del Principado de Asturias\" src=\"https:\/\/www.agbridge.es\/wp-content\/uploads\/2011\/05\/ABPA-Logo.jpg\" width=\"72\" height=\"33\" \/><\/a><strong><span style=\"font-size: small; font-family: arial, helvetica, sans-serif;\"> Asociaci\u00f3n de Bridge del Principado de Asturias<\/span><\/strong><\/p>\n<p style=\"text-align: justify;\"><span style=\"font-family: arial, helvetica, sans-serif;\"><span class=\"Apple-style-span\" style=\"line-height: 19px; font-size: small;\"><strong><a href=\"http:\/\/www.asociacioncanariadebridge.com\" target=\"_blank\"><img loading=\"lazy\" decoding=\"async\" class=\"alignnone size-full wp-image-654\" title=\"ACanariaB Logo\" alt=\"\" src=\"https:\/\/www.agbridge.es\/wp-content\/uploads\/2011\/05\/ACanariaB-Logo1.png\" width=\"162\" height=\"23\" srcset=\"https:\/\/www.agbridge.es\/wp-content\/uploads\/2011\/05\/ACanariaB-Logo1.png 336w, https:\/\/www.agbridge.es\/wp-content\/uploads\/2011\/05\/ACanariaB-Logo1-300x42.png 300w\" sizes=\"auto, (max-width: 162px) 100vw, 162px\" \/><\/a>\u00a0\u00a0<\/strong><\/span><span class=\"Apple-style-span\" style=\"line-height: 19px; font-family: arial, helvetica, sans-serif; font-size: small;\"><strong>Asociaci\u00f3n Canaria de Bridge<\/strong><\/span><span class=\"Apple-style-span\" style=\"line-height: 19px; font-size: small;\"><strong><br \/><\/strong><\/span><\/span><\/p>\n<p style=\"text-align: justify;\">\u00a0<\/p>\n","protected":false},"excerpt":{"rendered":"<p>Para el acceso a las distintas p\u00e1ginas web, haz &#8216;click&#8217; sobre los logos. Asociaci\u00f3n Espa\u00f1ola de Bridge Bridge Comunidad de Madrid Asociaci\u00f3n Catalana de Bridge Asociaci\u00f3n de Bridge del Principado de Asturias \u00a0\u00a0Asociaci\u00f3n Canaria de Bridge \u00a0<\/p>\n","protected":false},"author":1,"featured_media":0,"parent":0,"menu_order":8,"comment_status":"closed","ping_status":"closed","template":"","meta":{"ngg_post_thumbnail":0,"footnotes":""},"class_list":["post-256","page","type-page","status-publish","hentry"],"_links":{"self":[{"href":"https:\/\/www.agbridge.es\/index.php?rest_route=\/wp\/v2\/pages\/256","targetHints":{"allow":["GET"]}}],"collection":[{"href":"https:\/\/www.agbridge.es\/index.php?rest_route=\/wp\/v2\/pages"}],"about":[{"href":"https:\/\/www.agbridge.es\/index.php?rest_route=\/wp\/v2\/types\/page"}],"author":[{"embeddable":true,"href":"https:\/\/www.agbridge.es\/index.php?rest_route=\/wp\/v2\/users\/1"}],"replies":[{"embeddable":true,"href":"https:\/\/www.agbridge.es\/index.php?rest_route=%2Fwp%2Fv2%2Fcomments&post=256"}],"version-history":[{"count":0,"href":"https:\/\/www.agbridge.es\/index.php?rest_route=\/wp\/v2\/pages\/256\/revisions"}],"wp:attachment":[{"href":"https:\/\/www.agbridge.es\/index.php?rest_route=%2Fwp%2Fv2%2Fmedia&parent=256"}],"curies":[{"name":"wp","href":"https:\/\/api.w.org\/{rel}","templated":true}]}}