{"id":1727,"date":"2014-06-16T11:46:13","date_gmt":"2014-06-16T09:46:13","guid":{"rendered":"https:\/\/www.agbridge.es\/?page_id=1727"},"modified":"2015-05-27T19:11:48","modified_gmt":"2015-05-27T17:11:48","slug":"xviii-torneo-de-bridge-liceo-casino-ciudad-de-pontevedra","status":"publish","type":"page","link":"https:\/\/www.agbridge.es\/?page_id=1727","title":{"rendered":"XVIII Torneo de Bridge Liceo Casino &#8216;Ciudad de Pontevedra&#8217;"},"content":{"rendered":"<p style=\"text-align: justify;\"><span style=\"font-family: arial, helvetica, sans-serif; font-size: 10pt;\">Con la perfecta organizaci\u00f3n que caracteriza a este torneo, se celebr\u00f3 el\u00a0pasado fin de semana (viernes 6\u00a0y el s\u00e1bado 7\u00a0de Junio) \u00a0el XVIII Torneo de Bridge del Liceo Casino &#8216;Ciudad de Pontevedra&#8217; organizado por el Club de Bridge de esa prestigiosa Sociedad.<\/span><\/p>\n<p style=\"text-align: justify;\"><span style=\"font-size: 10pt; font-family: arial, helvetica, sans-serif;\">El torneo programado en dos sesiones, cont\u00f3 con la participaci\u00f3n de jugadores procedentes de distintas comunidades espa\u00f1olas y del extranjero, en total (23) veintitr\u00e9s\u00a0parejas, algunos de renombre internacional y de\u00a0un excepcional nivel, entre los que merece destacar al Maestro Mundial de Bridge, Artur Wasik, jugadoras internacionales gallegas como, Pachi Tapias Presa y Manola Garc\u00eda-Camb\u00f3n Nimo, y otros destacados jugadores que acudieron a Pontevedra a disfrutar de lo que les ofrece este excelente torneo.<\/span><\/p>\n<p style=\"text-align: justify;\"><a href=\"https:\/\/www.agbridge.es\/wp-content\/uploads\/2013\/04\/Liceo-Casino.jpg\"><img loading=\"lazy\" decoding=\"async\" class=\"alignright  wp-image-1250\" src=\"https:\/\/www.agbridge.es\/wp-content\/uploads\/2013\/04\/Liceo-Casino.jpg\" alt=\"Liceo Casino\" width=\"222\" height=\"187\" srcset=\"https:\/\/www.agbridge.es\/wp-content\/uploads\/2013\/04\/Liceo-Casino.jpg 346w, https:\/\/www.agbridge.es\/wp-content\/uploads\/2013\/04\/Liceo-Casino-300x253.jpg 300w\" sizes=\"auto, (max-width: 222px) 100vw, 222px\" \/><\/a><span style=\"font-size: 10pt; font-family: arial, helvetica, sans-serif;\">Un a\u00f1o m\u00e1s, los organizadores, bajo la direcci\u00f3n de Sabela Dom\u00ednguez (\u00e1rbitro del torneo y principal impulsora de este torneo), con la inestimable ayuda de otros colaboradores locales, han programado un magn\u00edfico torneo, preparando con detalle todos los aspectos de la competici\u00f3n, y organizando un\u00a0completo y excepcional programa (con una animada Cena, el primer d\u00eda al finalizar la primera sesi\u00f3n de juego, en el Sal\u00f3n Principal del Liceo Casino), y una interesante excursi\u00f3n en la ma<\/span><span style=\"font-size: 10pt; font-family: arial, helvetica, sans-serif;\">\u00f1ana del s\u00e1bado (al Pazo de Fefi\u00f1anes), seguida de un almuerzo, para finalizar con\u00a0un espl\u00e9ndido c\u00f3ctel durante la entrega de premios.<\/span><\/p>\n<address>\n<p style=\"text-align: justify;\"><span style=\"font-size: 10pt; font-family: arial, helvetica, sans-serif;\">De nuevo, felicitar y agradecer\u00a0al Club del Liceo Casino de Pontevedra, y a su Presidente Jaime Olmedo Su\u00e1rez-Vence, por la eficaz colaboraci\u00f3n y la extraordinaria organizaci\u00f3n, decisivos para conseguir el \u00e9xito obtenido con este magn\u00edfico torneo. El Presidente del Club,\u00a0D. Jaime Olmedo estuvo presente durante el desarrollo\u00a0del torneo; y al finalizar la \u00faltima jornada, dirigi\u00f3 unas afectuosas palabras a los jugadores participantes, y presidi\u00f3 el acto de entrega de premios.<\/span><\/p>\n<address><span style=\"font-size: 10pt;\">Resultados de las dos sesiones (\u2018click\u2019 sobre los siguientes enlaces):<\/span><\/address>\n<\/address>\n<address><span style=\"text-decoration: underline;\"><span style=\"font-size: 10pt;\"><a href=\"https:\/\/www.agbridge.es\/wp-content\/uploads\/2014\/06\/20140608_CLAS2.pdf\" target=\"_blank\">Clasificaci\u00f3n Final<\/a><\/span><\/span><\/address>\n<address><span style=\"font-size: 10pt;\">\u00a0<\/span><\/address>\n<address><span style=\"text-decoration: underline;\"><span style=\"font-size: 10pt;\">Resumen nominal de la clasificaci\u00f3n final:<\/span><\/span><\/address>\n<ul style=\"list-style-type: disc;\">\n<li><em style=\"font-size: 10pt;\">Ganadores del torneo: Nuria Romaguera Cuevas\u00a0y Arturo Wasik<\/em><\/li>\n<li><em style=\"font-size: 10pt;\">Segundas clasificadas:\u00a0Pedreira de Almeida y Abranches Jord\u00e1s<\/em><\/li>\n<li><em style=\"font-size: 10pt;\">Terceros clasificados:\u00a0Jos\u00e9 Garc\u00eda Olivares y M\u00aa Jos\u00e9 Calvi\u00f1o Casado<\/em><\/li>\n<li><em style=\"font-size: 10pt;\">Cuartos clasificados: Julio J. Fern\u00e1ndez Rey y Mar\u00eda Mol\u00edns Aguirre<\/em><\/li>\n<li><em style=\"font-size: 10pt;\">Quintas clasificados: Manola Garc\u00eda-Camb\u00f3n y Paz Tapias Presa<\/em><\/li>\n<li><em style=\"font-size: 10pt;\">Sextas clasificadas:\u00a0<em>Concepci\u00f3n Barros Parra y Fern\u00e1ndez Ramudo<\/em><\/em><\/li>\n<li><em style=\"font-size: 10pt;\">S\u00e9ptimos clasificados:\u00a0Fuensanta P\u00e9rez Rubido y Jos\u00e9 Luis Fern\u00e1ndez Tapias<\/em><\/li>\n<li><em style=\"font-size: 10pt;\">Octavas clasificados: Purificaci\u00f3n Cancio Mel y Mar\u00eda Bal\u00e1s Pedreira<\/em><\/li>\n<li><em style=\"font-size: 10pt;\">Novenos clasificados: \u00a0Cristina Abreu y Paulo Gordo<\/em><\/li>\n<li><em style=\"font-size: 10pt;\">D\u00e9cimos clasificados:\u00a0Mar\u00eda Eirao Guill\u00e9n y Edmundo Torres Castro<\/em><\/li>\n<\/ul>\n<address><span style=\"font-size: 10pt;\">Galer\u00eda de fotos de la entrega de premios, para ampliar \u2018click\u2019 sobre las im\u00e1genes. (Agradecemos a Mechy Nieto, su colaboraci\u00f3n, con la aportaci\u00f3n de varias de las fotograf\u00edas publicadas)<\/span><\/address>\n<address><span style=\"font-size: 10pt;\">Im\u00e1genes de la la sala y entrega de premios:<\/span><\/address>\n<address><span style=\"font-size: 10pt;\">En las fotografias, durante el acto de entrega de premios a los ganadores, podemos ver a Jaime Olmedo Su\u00e1rez-Vence,\u00a0Presidente del Liceo Casino de Pontevedra,\u00a0Sabela Dom\u00ednguez Vaz, Fernanda Rodr\u00edguez Dur\u00e1n, y Manuel Abeledo Maristany.<\/span><\/address>\n<address><span style=\"font-size: 10pt;\">ngg_shortcode_0_placeholder<\/span><\/address>\n","protected":false},"excerpt":{"rendered":"<p>Con la perfecta organizaci\u00f3n que caracteriza a este torneo, se celebr\u00f3 el\u00a0pasado fin de semana (viernes 6\u00a0y el s\u00e1bado 7\u00a0de Junio) \u00a0el XVIII Torneo de Bridge del Liceo Casino &#8216;Ciudad de Pontevedra&#8217; organizado por el Club de Bridge de esa &hellip; <a href=\"https:\/\/www.agbridge.es\/?page_id=1727\">Sigue leyendo <span class=\"meta-nav\">&rarr;<\/span><\/a><\/p>\n","protected":false},"author":1,"featured_media":0,"parent":1460,"menu_order":5,"comment_status":"closed","ping_status":"open","template":"","meta":{"ngg_post_thumbnail":0,"footnotes":""},"class_list":["post-1727","page","type-page","status-publish","hentry"],"_links":{"self":[{"href":"https:\/\/www.agbridge.es\/index.php?rest_route=\/wp\/v2\/pages\/1727","targetHints":{"allow":["GET"]}}],"collection":[{"href":"https:\/\/www.agbridge.es\/index.php?rest_route=\/wp\/v2\/pages"}],"about":[{"href":"https:\/\/www.agbridge.es\/index.php?rest_route=\/wp\/v2\/types\/page"}],"author":[{"embeddable":true,"href":"https:\/\/www.agbridge.es\/index.php?rest_route=\/wp\/v2\/users\/1"}],"replies":[{"embeddable":true,"href":"https:\/\/www.agbridge.es\/index.php?rest_route=%2Fwp%2Fv2%2Fcomments&post=1727"}],"version-history":[{"count":0,"href":"https:\/\/www.agbridge.es\/index.php?rest_route=\/wp\/v2\/pages\/1727\/revisions"}],"up":[{"embeddable":true,"href":"https:\/\/www.agbridge.es\/index.php?rest_route=\/wp\/v2\/pages\/1460"}],"wp:attachment":[{"href":"https:\/\/www.agbridge.es\/index.php?rest_route=%2Fwp%2Fv2%2Fmedia&parent=1727"}],"curies":[{"name":"wp","href":"https:\/\/api.w.org\/{rel}","templated":true}]}}