{"id":1520,"date":"2014-04-14T18:02:32","date_gmt":"2014-04-14T16:02:32","guid":{"rendered":"https:\/\/www.agbridge.es\/?page_id=1520"},"modified":"2015-05-27T19:01:27","modified_gmt":"2015-05-27T17:01:27","slug":"xxxiii-torneo-internacional-de-bridge-del-club-de-campo-de-vigo","status":"publish","type":"page","link":"https:\/\/www.agbridge.es\/?page_id=1520","title":{"rendered":"XXXIII Torneo Internacional de Bridge del Club de Campo de Vigo"},"content":{"rendered":"<p style=\"text-align: justify;\"><span style=\"font-size: small; font-family: arial, helvetica, sans-serif;\"><a href=\"https:\/\/www.agbridge.es\/wp-content\/uploads\/2013\/07\/Club-de-Campo-1.png\"><img loading=\"lazy\" decoding=\"async\" class=\"alignleft  wp-image-1288\" src=\"https:\/\/www.agbridge.es\/wp-content\/uploads\/2013\/07\/Club-de-Campo-1.png\" alt=\"Club de Campo 1\" width=\"231\" height=\"174\" srcset=\"https:\/\/www.agbridge.es\/wp-content\/uploads\/2013\/07\/Club-de-Campo-1.png 361w, https:\/\/www.agbridge.es\/wp-content\/uploads\/2013\/07\/Club-de-Campo-1-300x225.png 300w\" sizes=\"auto, (max-width: 231px) 100vw, 231px\" \/><\/a>Este pasado fin de semana, se celebr\u00f3 en el Club de Campo de Vigo, el XXXIII Torneo Internacional de Bridge. Este torneo, uno de los de mayor solera y tradici\u00f3n de Espa\u00f1a, cont\u00f3 con la presencia de algunos de los mejores jugadores de Espa\u00f1a, que aportaron, junto con una buena representaci\u00f3n de jugadores portugueses y de Galicia, un excepcional nivel de juego. Como siempre, la organizaci\u00f3n, magn\u00edfica, gracias a la excelente labor de Marisol V\u00e1zquez (Delegada de Bridge del Club) y sus colaboradores.<\/span><\/p>\n<p style=\"text-align: justify;\"><span style=\"font-family: arial, helvetica, sans-serif; font-size: small;\">El torneo, de acuerdo con el programa previsto, comenz\u00f3 el viernes d\u00eda 11 de Abril, a las 19:00 horas en su primera sesi\u00f3n, continuando el s\u00e1bado d\u00eda 12 de Abril a las 17:30 horas; despu\u00e9s de finalizada la primera jornada de competici\u00f3n, tuvo lugar una animad\u00edsima Cena; y finalizado el torneo, y despu\u00e9s de la segunda sesi\u00f3n, se sirvi\u00f3 un c\u00f3ctel a todos los jugadores participantes, y se procedi\u00f3 a la entrega de premios a los ganadores.<\/span><em><br \/>\n<\/em><\/p>\n<p style=\"text-align: justify;\"><span style=\"font-size: small; font-family: arial, helvetica, sans-serif;\">A continuaci\u00f3n, adjuntamos el programa, la lista de ganadores y una galer\u00eda fotografica, con instant\u00e1neas de la sala de juego y de la entrega de premios de este magn\u00edfico Torneo de Bridge del Club de Campo de Vigo.<\/span><\/p>\n<address><span style=\"font-size: small; font-family: georgia, palatino;\">Programa torneo:<\/span><\/address>\n<address><span style=\"text-decoration: underline; font-family: georgia, palatino;\"><span style=\"font-size: small;\"><a href=\"https:\/\/www.agbridge.es\/wp-content\/uploads\/2014\/03\/PROGRAMA-XXXIII-Torneo-Internacional-Club-de-Campo.pdf\" target=\"_blank\">Programa CCV 2014<\/a><\/span><\/span><\/address>\n<address><span style=\"font-size: small; font-family: georgia, palatino;\">\u00a0<\/span><\/address>\n<address><span style=\"font-size: small; font-family: georgia, palatino;\">Resultados y frecuencias (hojas de ruta) en cada una de las dos sesiones, y clasificaci\u00f3n final acumulada. (\u2018click\u2019 sobre los siguientes enlaces):<\/span><\/address>\n<address><span style=\"text-decoration: underline; font-family: georgia, palatino;\"><span style=\"font-size: small;\"><a href=\"https:\/\/www.agbridge.es\/wp-content\/uploads\/2014\/04\/Clasificaci\u00f3n-Primera-sesi\u00f3n.pdf\" target=\"_blank\">Clasificaci\u00f3n Primera sesi\u00f3n<\/a><\/span><\/span><\/address>\n<address><span style=\"text-decoration: underline; font-family: georgia, palatino;\"><span style=\"font-size: small;\"><a href=\"https:\/\/www.agbridge.es\/wp-content\/uploads\/2014\/04\/Hojas-de-ruta.-Primera-sesi\u00f3n.pdf\" target=\"_blank\">Hojas de ruta. Primera sesi\u00f3n<\/a><\/span><\/span><\/address>\n<address><span style=\"text-decoration: underline; font-family: georgia, palatino;\"><span style=\"font-size: small;\"><a href=\"https:\/\/www.agbridge.es\/wp-content\/uploads\/2014\/04\/Manos-Primera-sesi\u00f3n.pdf\" target=\"_blank\">Manos Primera sesi\u00f3n<\/a><\/span><\/span><\/address>\n<address><span style=\"text-decoration: underline; font-family: georgia, palatino;\"><span style=\"font-size: small;\"><a href=\"https:\/\/www.agbridge.es\/wp-content\/uploads\/2014\/04\/Hojas-de-ruta.-Segunda-sesi\u00f3n.pdf\" target=\"_blank\">Hojas de ruta. Segunda sesi\u00f3n<\/a><\/span><\/span><\/address>\n<address><span style=\"text-decoration: underline; font-family: georgia, palatino;\"><span style=\"font-size: small;\"><a href=\"https:\/\/www.agbridge.es\/wp-content\/uploads\/2014\/04\/Manos-Segunda-sesi\u00f3n.pdf\" target=\"_blank\">Manos Segunda sesi\u00f3n<\/a><\/span><\/span><\/address>\n<address><span style=\"text-decoration: underline; font-family: georgia, palatino;\"><span style=\"font-size: small;\"><a href=\"https:\/\/www.agbridge.es\/wp-content\/uploads\/2014\/04\/Clasificaci\u00f3n-Final.pdf\" target=\"_blank\">Clasificaci\u00f3n FINAL<\/a><\/span><\/span><\/address>\n<address><span style=\"font-family: georgia, palatino;\">\u00a0<\/span><\/address>\n<address><span style=\"font-family: georgia, palatino;\"><span style=\"text-decoration: underline; font-size: small;\"><em>Relaci\u00f3n de ganadores:<\/em><\/span><\/span><\/address>\n<address><span style=\"font-size: small; font-family: georgia, palatino;\"><em>Primeros clasificados y Ganadores del torneo: Mar\u00eda Mol\u00edns Aguirre &#8211; Julio J. Fern\u00e1ndez Rey<\/em><\/span><\/address>\n<address><span style=\"font-size: small; font-family: georgia, palatino;\"><em>2<sup>0s<\/sup>\u00a0clasificados: Paulo Pinto &#8211; Luis Alvares Ribeiro\u00a0<em>(Portugal)<\/em><\/em><\/span><\/address>\n<address><span style=\"font-size: small; font-family: georgia, palatino;\"><em>3<sup>as<\/sup>\u00a0clasificadas: Elena \u00c1lvarez-Mon &#8211; Marina Mu\u00f1\u00edz Veiga<\/em><\/span><\/address>\n<address><span style=\"font-size: small; font-family: georgia, palatino;\"><em>4<sup>os<\/sup>\u00a0clasificados: Nuria Romaguera Cuevas &#8211; Arturo Wasik<\/em><\/span><\/address>\n<address><span style=\"font-size: small; font-family: georgia, palatino;\">5<sup>os<\/sup>\u00a0clasificados:\u00a0<em>Manola Garc\u00eda Camb\u00f3n \u2013 Jo\u00e3o Passarinho<\/em><\/span><\/address>\n<address><span style=\"font-size: small; font-family: georgia, palatino;\">6<sup>os<\/sup>\u00a0clasificados: Carlos Gon\u00e7alves &#8211; Manuel Gon\u00e7alves\u00a0<em>(Portugal)<\/em><\/span><\/address>\n<address><span style=\"font-size: small; font-family: georgia, palatino;\">7<sup>os<\/sup>\u00a0clasificados:\u00a0<em>Jo\u00e3o Fatal &#8211; Francisco Costa (Portugal)<\/em><\/span><\/address>\n<address><span style=\"font-size: small; font-family: georgia, palatino;\">8<sup>os\u00a0<\/sup>clasificados: Manuel Cameans Otero \u2013 Miguel Cuervo G\u00f3mez<\/span><\/address>\n<address><span style=\"font-size: small; font-family: georgia, palatino;\">9<sup>os<\/sup>\u00a0clasificados: \u00c1ngel Bal\u00e1s Pedreira &#8211; Germ\u00e1n V\u00e1zquez-Pimentel Llamas<\/span><\/address>\n<address><span style=\"font-size: small; font-family: georgia, palatino;\">10<sup>as<\/sup>\u00a0clasificadas: Mar\u00eda Panadero Mart\u00edn \u2013 Paz Tapias Presa<\/span><\/address>\n<address><span style=\"font-size: small; font-family: georgia, palatino;\">\u00a0<\/span><\/address>\n<address><span style=\"font-size: small; font-family: georgia, palatino;\">Galer\u00eda de fotos del torneo, para ampliar, \u2018click\u2019 sobre las im\u00e1genes.<\/span><\/address>\n<address><span style=\"font-size: small; font-family: georgia, palatino;\">Im\u00e1genes de la sala de juego y de la Entrega de premios, en presencia del Presidente de la Asociaci\u00f3n Gallega de Bridge (A.G.B.), Manuel Pombo y de la Delegada de Bridge del Club de Campo de Vigo, Marisol V\u00e1zquez.<\/span><\/address>\n<address><span style=\"font-size: small;\">\u00a0ngg_shortcode_0_placeholder<\/span><\/address>\n","protected":false},"excerpt":{"rendered":"<p>Este pasado fin de semana, se celebr\u00f3 en el Club de Campo de Vigo, el XXXIII Torneo Internacional de Bridge. Este torneo, uno de los de mayor solera y tradici\u00f3n de Espa\u00f1a, cont\u00f3 con la presencia de algunos de los &hellip; <a href=\"https:\/\/www.agbridge.es\/?page_id=1520\">Sigue leyendo <span class=\"meta-nav\">&rarr;<\/span><\/a><\/p>\n","protected":false},"author":1,"featured_media":0,"parent":1460,"menu_order":4,"comment_status":"closed","ping_status":"open","template":"","meta":{"ngg_post_thumbnail":0,"footnotes":""},"class_list":["post-1520","page","type-page","status-publish","hentry"],"_links":{"self":[{"href":"https:\/\/www.agbridge.es\/index.php?rest_route=\/wp\/v2\/pages\/1520","targetHints":{"allow":["GET"]}}],"collection":[{"href":"https:\/\/www.agbridge.es\/index.php?rest_route=\/wp\/v2\/pages"}],"about":[{"href":"https:\/\/www.agbridge.es\/index.php?rest_route=\/wp\/v2\/types\/page"}],"author":[{"embeddable":true,"href":"https:\/\/www.agbridge.es\/index.php?rest_route=\/wp\/v2\/users\/1"}],"replies":[{"embeddable":true,"href":"https:\/\/www.agbridge.es\/index.php?rest_route=%2Fwp%2Fv2%2Fcomments&post=1520"}],"version-history":[{"count":0,"href":"https:\/\/www.agbridge.es\/index.php?rest_route=\/wp\/v2\/pages\/1520\/revisions"}],"up":[{"embeddable":true,"href":"https:\/\/www.agbridge.es\/index.php?rest_route=\/wp\/v2\/pages\/1460"}],"wp:attachment":[{"href":"https:\/\/www.agbridge.es\/index.php?rest_route=%2Fwp%2Fv2%2Fmedia&parent=1520"}],"curies":[{"name":"wp","href":"https:\/\/api.w.org\/{rel}","templated":true}]}}