{"id":1513,"date":"2014-04-09T18:46:12","date_gmt":"2014-04-09T16:46:12","guid":{"rendered":"https:\/\/www.agbridge.es\/?page_id=1513"},"modified":"2014-04-09T18:46:12","modified_gmt":"2014-04-09T16:46:12","slug":"final-del-campeonato-de-galicia-de-equipos-open-2013-2014","status":"publish","type":"page","link":"https:\/\/www.agbridge.es\/?page_id=1513","title":{"rendered":"Final del Campeonato de Galicia de Equipos Open (2013-2014)"},"content":{"rendered":"<p style=\"text-align: center;\"><span style=\"text-decoration: underline; color: #800000;\"><em><span style=\"font-family: georgia, palatino; font-size: medium;\"><strong>\u00a1El Campeonato de Galicia de Equipos Open (2013 &#8211; 2014) ha finalizado!<\/strong><\/span><\/em><\/span><\/p>\n<p style=\"text-align: justify;\"><span style=\"font-family: arial, helvetica, sans-serif;\"><span style=\"font-size: small;\"><a href=\"https:\/\/www.agbridge.es\/wp-content\/uploads\/2012\/12\/RCGC.jpg\"><img loading=\"lazy\" decoding=\"async\" class=\" wp-image-1163 aligncenter\" alt=\"RCGC\" src=\"https:\/\/www.agbridge.es\/wp-content\/uploads\/2012\/12\/RCGC.jpg\" width=\"503\" height=\"266\" srcset=\"https:\/\/www.agbridge.es\/wp-content\/uploads\/2012\/12\/RCGC.jpg 629w, https:\/\/www.agbridge.es\/wp-content\/uploads\/2012\/12\/RCGC-300x158.jpg 300w\" sizes=\"auto, (max-width: 503px) 100vw, 503px\" \/><\/a>La jornada de clausura de este primer Campeonato de Galicia de Equipos Open (2013-2014), se ha celebrado este pasado fin de semana, el s\u00e1bado d\u00eda 5 de Abril de 2014, en las magn\u00edficas instalaciones de la Casa Club del Real Club de Golf de La Coru\u00f1a; como brillante colof\u00f3n a este brillante torneo, en esta sexta y \u00faltima jornada, se reunieron la totalidad de los equipos inscritos inicialmente, para jugar la ronda final, con los enfrentamientos definidos de acuerdo con la\u00a0<span style=\"line-height: 19px;\">clasificaci\u00f3n<\/span>\u00a0obtenida en la Semifinales; las finales\u00a0se\u00a0<span style=\"line-height: 19px;\">jugaron a un total de (24) VEINTICUATRO manos.<\/span><\/span><\/span><\/p>\n<p style=\"text-align: justify;\"><span style=\"font-size: small; font-family: arial, helvetica, sans-serif;\">Importante fue la asistencia de jugadores a la espl\u00e9ndida comida servida por el servicio de catering del Real Club de Golf\u00a0en el comedor principal del club; m\u00e1s de (70) setenta personas pudieron degustar un estupendo men\u00fa, que hizo las delicias de todos los comensales; esta comida, supuso, adem\u00e1s, una nueva oportunidad de encuentro, de los jugadores procedentes de\u00a0diversas ciudades de Galicia, reunidos en torno a una buena mesa; en un claro ejemplo de cordialidad y compa\u00f1erismo.<\/span><\/p>\n<p style=\"text-align: justify;\"><strong><em><span style=\"font-size: small; font-family: arial, helvetica, sans-serif;\">Nuestro m\u00e1s expresivo agradecimiento al Real Club de Golf de La Coru\u00f1a, a su Junta Directiva, y a todo el personal del Club, por la excelente colaboraci\u00f3n prestada para la organizaci\u00f3n de esta espl\u00e9ndida jornada de bridge.<\/span><\/em><\/strong><\/p>\n<address style=\"text-align: justify;\"><span style=\"font-family: georgia, palatino; font-size: small;\"><span style=\"line-height: 19px;\">Este Campeonato de Equipos de Galicia, tuvo un \u00e9xito impredecible inicialmente, superando todas las previsiones m\u00e1s optimistas, tanto por el n\u00famero de equipos y jugadores que participaron, como por el ambiente que propiciaron todos los jugadores.<\/span><\/span><\/address>\n<address style=\"text-align: justify;\"><span style=\"font-family: georgia, palatino;\"><span style=\"font-size: small;\"><span style=\"line-height: 19px;\">A todos los jugadores que participaron, por el magn\u00edfico esp\u00edritu deportivo y de colaboraci\u00f3n que mostraron, \u00a0y que hicieron posible el perfecto desarrollo de este \u00a0Campeonato.<\/span><\/span><\/span><\/address>\n<h1 style=\"text-align: center;\"><span style=\"font-size: x-large; font-family: georgia, palatino;\"><em><strong>\u00a1Gracias!<\/strong><\/em><\/span><\/h1>\n<p style=\"text-align: justify;\"><span style=\"font-size: small; font-family: arial, helvetica, sans-serif;\">El brillante ganador de la primera edici\u00f3n de este Campeonato, uno de los equipos favoritos inicialmente, fue un equipo formado por &#8216;ilustres veteranos&#8217;, capitaneado por <strong><em>\u00c1ngel Bal\u00e1s Pedreira<\/em><\/strong> (jugador que encabeza el &#8216;ranking&#8217; de PF de los jugadores gallegos), acompa\u00f1ado por unos excepcionales jugadores, que son referencia indiscutible, de este complicado juego del bridge, en Galicia: <em><strong>Germ\u00e1n V\u00e1zquez-Pimentel Llamas, Jos\u00e9 Lu\u00eds Fern\u00e1ndez Tapias y Emilio Astray Coloma<\/strong><\/em>, que contaron adem\u00e1s con la destacada participaci\u00f3n de dos de las mejores jugadoras gallegas: <strong><em>Fuensanta P\u00e9rez Rubido y Pancha Novo Prego<\/em><\/strong>. <span style=\"font-size: medium;\"><strong>\u00a1Enhorabuena a todos!<\/strong><\/span><\/span><\/p>\n<p style=\"text-align: justify;\"><span style=\"font-family: arial, helvetica, sans-serif; font-size: small;\">Resaltar el magn\u00edfico resultado obtenido por el equipo de <strong><em>Jovino Cao Barjacoba<\/em><\/strong> (subcampeones del Torneo), que demostr\u00f3 una insuperable fortaleza durante toda la competici\u00f3n; con Jovino, jugaron <strong><em>Cristina S\u00e1nchez Coalla, Marisol Dopico Saleta y Luisa Mart\u00ednez Casal<\/em><\/strong>.<\/span><\/p>\n<p style=\"text-align: justify;\"><span style=\"font-family: arial, helvetica, sans-serif; font-size: small;\">En una meritoria tercera posici\u00f3n el equipo de <strong><em>Julio J. Fern\u00e1ndez Rey<\/em><\/strong>, que jug\u00f3 con <strong><em>Mar\u00eda Molins Aguirre<\/em><\/strong>, de compa\u00f1era habitual, y que, lamentablemente, no pudo contar con una &#8216;alineaci\u00f3n&#8217; regular a causa de algunas ausencias forzosas (bajas importantes, en partidos decisivos, como las de las jugadoras internacionales, <strong><em>Paz &#8216;Pachi&#8217; Tapias Presas y Manola Garc\u00eda-Camb\u00f3n, <\/em><\/strong>y<em><\/em><strong><em> Genaro Fern\u00e1ndez Castro<\/em><\/strong>), lo que oblig\u00f3, en ocasiones, a improvisar\u00a0la formaci\u00f3n del equipo. En la \u00faltima jornada completaron el equipo con <em><strong>Mar\u00eda del Carmen Ferrad\u00e1s<\/strong><\/em> y <em><strong>Mariluz Mart\u00ednez Barros<\/strong><\/em>.<\/span><\/p>\n<p style=\"text-align: justify;\"><span style=\"font-size: small; font-family: arial, helvetica, sans-serif;\">En cuarta posici\u00f3n y <strong><em>primeros de 2\u00aa categor\u00eda<\/em><\/strong>, el equipo de <strong><em>Ricardo Varela<\/em><\/strong>, a destacar que fue el \u00fanico equipo que jug\u00f3 exclusivamente con los cuatro &#8216;titulares&#8217; durante todo el Campeonato; estos jugadores fueron, adem\u00e1s del capit\u00e1n: <strong><em>Manuel Pombo Liria, Isabel N\u00f3voa Arechaga y Flor S\u00e1nchez Saurina<\/em><\/strong>.<\/span><\/p>\n<p style=\"text-align: justify;\"><span style=\"font-family: arial, helvetica, sans-serif; font-size: small;\">Finalizada la sesi\u00f3n de juego, se procedi\u00f3 a la clausura del Torneo, con una breves palabras de agradecimiento a todos los presentes, por parte del Presidente de la Asociaci\u00f3n Gallega de Bridge, Manuel Pombo Liria; la proclamaci\u00f3n de ganadores, y la entrega de premios a los tres primeros\u00a0<span style=\"line-height: 19px;\">clasificados<\/span>\u00a0de la general, y a los tres primeros clasificados de las distintas categor\u00edas.<\/span><\/p>\n<address><span style=\"font-size: small; font-family: georgia, palatino;\">A continuaci\u00f3n incluimos la siguiente informaci\u00f3n correspondiente a esta\u00a0<strong><em>\u00faltima sesi\u00f3n<\/em><\/strong>:<\/span><\/address>\n<address><span style=\"font-family: georgia, palatino;\"><em><span style=\"text-decoration: underline;\"><span style=\"font-size: small;\"><a href=\"https:\/\/www.agbridge.es\/wp-content\/uploads\/2014\/03\/Bolet\u00edn-n\u00ba-6.pdf\" target=\"_blank\">Bolet\u00edn n\u00ba 6. (Informaci\u00f3n previa sobre la 6\u00aa y \u00faltima sesi\u00f3n)<\/a><\/span><\/span><\/em><\/span><\/address>\n<address><span style=\"text-decoration: underline; font-family: georgia, palatino;\"><span style=\"font-size: small;\"><a href=\"https:\/\/www.agbridge.es\/wp-content\/uploads\/2014\/04\/Clasificaci\u00f3n-FINAL.pdf\" target=\"_blank\">Clasificaci\u00f3n FINAL<\/a><\/span><\/span><\/address>\n<address><span style=\"font-family: georgia, palatino;\"><em><span style=\"text-decoration: underline;\"><span style=\"font-size: small;\"><a href=\"https:\/\/www.agbridge.es\/wp-content\/uploads\/2014\/04\/2014-04-05-FINALES-Open-Galicia-Equipos-2013-14.-Cuadernillo-manos.pdf\" target=\"_blank\">Cuadernillo manos FINALES. Open Galicia Equipos 2013-14<\/a><\/span><\/span><\/em><\/span><\/address>\n<address>\u00a0<\/address>\n<address><span style=\"text-decoration: underline; font-family: georgia, palatino;\">Im\u00e1genes de la comida, y de la entrega de premios (Final):<\/span><\/address>\n<address>ngg_shortcode_0_placeholder<\/address>\n","protected":false},"excerpt":{"rendered":"<p>\u00a1El Campeonato de Galicia de Equipos Open (2013 &#8211; 2014) ha finalizado! La jornada de clausura de este primer Campeonato de Galicia de Equipos Open (2013-2014), se ha celebrado este pasado fin de semana, el s\u00e1bado d\u00eda 5 de Abril &hellip; <a href=\"https:\/\/www.agbridge.es\/?page_id=1513\">Sigue leyendo <span class=\"meta-nav\">&rarr;<\/span><\/a><\/p>\n","protected":false},"author":1,"featured_media":0,"parent":0,"menu_order":0,"comment_status":"closed","ping_status":"open","template":"","meta":{"ngg_post_thumbnail":0,"footnotes":""},"class_list":["post-1513","page","type-page","status-publish","hentry"],"_links":{"self":[{"href":"https:\/\/www.agbridge.es\/index.php?rest_route=\/wp\/v2\/pages\/1513","targetHints":{"allow":["GET"]}}],"collection":[{"href":"https:\/\/www.agbridge.es\/index.php?rest_route=\/wp\/v2\/pages"}],"about":[{"href":"https:\/\/www.agbridge.es\/index.php?rest_route=\/wp\/v2\/types\/page"}],"author":[{"embeddable":true,"href":"https:\/\/www.agbridge.es\/index.php?rest_route=\/wp\/v2\/users\/1"}],"replies":[{"embeddable":true,"href":"https:\/\/www.agbridge.es\/index.php?rest_route=%2Fwp%2Fv2%2Fcomments&post=1513"}],"version-history":[{"count":0,"href":"https:\/\/www.agbridge.es\/index.php?rest_route=\/wp\/v2\/pages\/1513\/revisions"}],"wp:attachment":[{"href":"https:\/\/www.agbridge.es\/index.php?rest_route=%2Fwp%2Fv2%2Fmedia&parent=1513"}],"curies":[{"name":"wp","href":"https:\/\/api.w.org\/{rel}","templated":true}]}}