{"id":1481,"date":"2014-03-09T14:14:27","date_gmt":"2014-03-09T12:14:27","guid":{"rendered":"https:\/\/www.agbridge.es\/?page_id=1481"},"modified":"2014-03-09T22:00:25","modified_gmt":"2014-03-09T20:00:25","slug":"5a-sesion-campeonato-de-equipos-de-galicia-open-2013-2014","status":"publish","type":"page","link":"https:\/\/www.agbridge.es\/?page_id=1481","title":{"rendered":"5\u00aa sesi\u00f3n. Campeonato de Equipos de Galicia Open (2013-2014)"},"content":{"rendered":"<p style=\"text-align: center;\"><span style=\"font-size: small; font-family: arial, helvetica, sans-serif;\"><a href=\"https:\/\/www.agbridge.es\/wp-content\/uploads\/2012\/10\/1315311429848g-La-Marina-12gd.jpg\"><img loading=\"lazy\" decoding=\"async\" class=\"wp-image-1116 aligncenter\" alt=\"1315311429848g-La-Marina-12gd\" src=\"https:\/\/www.agbridge.es\/wp-content\/uploads\/2012\/10\/1315311429848g-La-Marina-12gd.jpg\" width=\"605\" height=\"145\" srcset=\"https:\/\/www.agbridge.es\/wp-content\/uploads\/2012\/10\/1315311429848g-La-Marina-12gd.jpg 972w, https:\/\/www.agbridge.es\/wp-content\/uploads\/2012\/10\/1315311429848g-La-Marina-12gd-300x71.jpg 300w\" sizes=\"auto, (max-width: 605px) 100vw, 605px\" \/><\/a><\/span><\/p>\n<p style=\"text-align: justify;\"><span style=\"font-size: small; font-family: arial, helvetica, sans-serif;\">Ya se ha jugado la 5\u00aa y pen\u00faltima sesi\u00f3n del Campeonato de Galicia de Equipos Open (2013-2014); una vez m\u00e1s, destacar el formidable esp\u00edritu deportivo y la excelente colaboraci\u00f3n de todos los participantes. Este pasado s\u00e1bado, 8 de Marzo de 2014, acudieron, a la cita programada,\u00a0los veinte equipos inscritos en este Campeonato a las instalaciones del club anfitri\u00f3n; que, en esta ocasi\u00f3n, era el Sporting Club Casino, en su sede social en la calle Real, de la ciudad de La Coru\u00f1a. En esta sesi\u00f3n se jug\u00f3, como estaba programado, la \u00faltima ronda (9\u00aa) de la Liga de Clasificaci\u00f3n (Round Robin), y las Semifinales, como paso previo a la selecci\u00f3n de los equipos que disputar\u00e1n todos los puestos en la \u00faltima y definitiva sesi\u00f3n de las Finales.<\/span><\/p>\n<p style=\"text-align: justify;\"><span style=\"font-family: arial, helvetica, sans-serif; font-size: small;\">Desde este medio de la Asociaci\u00f3n Gallega de Bridge (A.G.B.), queremos expresar nuestro especial agradecimiento al Sporting Club Casino de La Coru\u00f1a (en especial a su Presidente D. Juan Jos\u00e9 Med\u00edn Guyatt, presente durante todo el desarrollo de la prueba, y\u00a0<span style=\"line-height: 19px;\">eficaz<\/span>\u00a0colaborador en la organizaci\u00f3n del torneo; y a todo el personal del Club); que nos permiti\u00f3 disfrutar de otra fant\u00e1stica jornada de bridge del Campeonato de Galicia de Equipos Open (2013-2014).<\/span><\/p>\n<p style=\"text-align: justify;\"><span style=\"font-size: small; font-family: arial, helvetica, sans-serif;\">De nuevo, con la comida (que reuni\u00f3 a m\u00e1s de sesenta jugadores), y el magn\u00edfico ambiente durante las sesiones de juego, hicieron de esta, una jornada de animada confraternidad, una aut\u00e9ntica fiesta del bridge de Galicia.<\/span><\/p>\n<p style=\"text-align: justify;\"><span style=\"font-family: arial, helvetica, sans-serif; font-size: small;\">A continuaci\u00f3n incluimos copia de Bolet\u00edn enviado anticipadamente a los Capitanes de los equipos, y la informaci\u00f3n concreta de esta <\/span><strong style=\"font-family: arial, helvetica, sans-serif; font-size: small;\"><em>(5\u00aa) quinta sesi\u00f3n<\/em><\/strong><span style=\"font-family: arial, helvetica, sans-serif; font-size: small;\">, as\u00ed como los resultados de las rondas final del Round Robin, y de las Semifinales, jugadas en esta jornada, y el cuadro de\u00a0<span style=\"line-height: 19px;\">enfrentamientos<\/span>\u00a0de las Finales:<\/span><\/p>\n<address><span style=\"text-decoration: underline;\"><span style=\"font-family: arial, helvetica, sans-serif; font-size: small;\"><a href=\"https:\/\/www.agbridge.es\/wp-content\/uploads\/2014\/02\/Bolet\u00edn-n\u00ba-5.pdf\" target=\"_blank\">Bolet\u00edn n\u00ba 5. (Informaci\u00f3n espec\u00edfica de la 5\u00aa sesi\u00f3n)<\/a><\/span><\/span><\/address>\n<address><span style=\"text-decoration: underline;\"><span style=\"font-family: arial, helvetica, sans-serif; font-size: small;\"><a href=\"https:\/\/www.agbridge.es\/wp-content\/uploads\/2014\/03\/2014-03-08-5a-ses.Open-Galica-Equipos-2013-14-Cuadernillo-manos.pdf\" target=\"_blank\">Cuadernillo manos 5\u00aa SESI\u00d3N. Open Galicia Equipos 2013-14<\/a><\/span><\/span><\/address>\n<address><span style=\"text-decoration: underline;\"><span style=\"font-family: arial, helvetica, sans-serif; font-size: small;\"><a href=\"https:\/\/www.agbridge.es\/wp-content\/uploads\/2014\/03\/2014-02-22-04-10-Equipos-Open-de-Galicia-2013-2014.-Grupo-A-0046-Round-9-Last-round-score-tables-ordered-by-table.pdf\" target=\"_blank\">Resultados y Clasificaci\u00f3n. Grupo A (Ronda n\u00ba 9)<\/a><\/span><\/span><\/address>\n<address><span style=\"text-decoration: underline;\"><span style=\"font-size: small;\"><a href=\"https:\/\/www.agbridge.es\/wp-content\/uploads\/2014\/03\/2014-02-22-04-10-Equipos-Open-de-Galicia-2013-2014.-Grupo-B-0030-Round-9-Score-tables-ordered-by-table.pdf\" target=\"_blank\">Resultados y Clasificaci\u00f3n. Grupo B (Ronda n\u00ba 9)<\/a><\/span><\/span><\/address>\n<address><span style=\"text-decoration: underline;\"><span style=\"font-size: small;\"><a href=\"https:\/\/www.agbridge.es\/wp-content\/uploads\/2014\/03\/SEMIFINALES.-Resultados.pdf\">SEMIFINALES. Resultados<\/a><\/span><\/span><\/address>\n<address><span style=\"font-size: small; font-family: arial, helvetica, sans-serif;\"><a href=\"https:\/\/www.agbridge.es\/wp-content\/uploads\/2014\/02\/2014-02-22-04-10-Equipos-Open-de-Galicia-2013-2014.-Grupo-B-0023-7-8-Score-tables-ordered-by-table.pdf\" target=\"_blank\">\u00a0<\/a><\/span><\/address>\n","protected":false},"excerpt":{"rendered":"<p>Ya se ha jugado la 5\u00aa y pen\u00faltima sesi\u00f3n del Campeonato de Galicia de Equipos Open (2013-2014); una vez m\u00e1s, destacar el formidable esp\u00edritu deportivo y la excelente colaboraci\u00f3n de todos los participantes. Este pasado s\u00e1bado, 8 de Marzo de &hellip; <a href=\"https:\/\/www.agbridge.es\/?page_id=1481\">Sigue leyendo <span class=\"meta-nav\">&rarr;<\/span><\/a><\/p>\n","protected":false},"author":1,"featured_media":0,"parent":0,"menu_order":0,"comment_status":"closed","ping_status":"open","template":"","meta":{"ngg_post_thumbnail":0,"footnotes":""},"class_list":["post-1481","page","type-page","status-publish","hentry"],"_links":{"self":[{"href":"https:\/\/www.agbridge.es\/index.php?rest_route=\/wp\/v2\/pages\/1481","targetHints":{"allow":["GET"]}}],"collection":[{"href":"https:\/\/www.agbridge.es\/index.php?rest_route=\/wp\/v2\/pages"}],"about":[{"href":"https:\/\/www.agbridge.es\/index.php?rest_route=\/wp\/v2\/types\/page"}],"author":[{"embeddable":true,"href":"https:\/\/www.agbridge.es\/index.php?rest_route=\/wp\/v2\/users\/1"}],"replies":[{"embeddable":true,"href":"https:\/\/www.agbridge.es\/index.php?rest_route=%2Fwp%2Fv2%2Fcomments&post=1481"}],"version-history":[{"count":0,"href":"https:\/\/www.agbridge.es\/index.php?rest_route=\/wp\/v2\/pages\/1481\/revisions"}],"wp:attachment":[{"href":"https:\/\/www.agbridge.es\/index.php?rest_route=%2Fwp%2Fv2%2Fmedia&parent=1481"}],"curies":[{"name":"wp","href":"https:\/\/api.w.org\/{rel}","templated":true}]}}