{"id":1472,"date":"2014-02-26T17:24:37","date_gmt":"2014-02-26T15:24:37","guid":{"rendered":"https:\/\/www.agbridge.es\/?page_id=1472"},"modified":"2014-03-09T13:07:05","modified_gmt":"2014-03-09T11:07:05","slug":"cuarta-sesion-campeonato-de-equipos-de-galicia-open-2013-2014","status":"publish","type":"page","link":"https:\/\/www.agbridge.es\/?page_id=1472","title":{"rendered":"4\u00aa sesi\u00f3n. Campeonato de Equipos de Galicia Open (2013-2014)"},"content":{"rendered":"<p style=\"text-align: justify;\"><span style=\"font-size: small; font-family: arial, helvetica, sans-serif;\"><a href=\"https:\/\/www.agbridge.es\/wp-content\/uploads\/2013\/12\/Vigo-composici\u00f3n.jpg\"><img loading=\"lazy\" decoding=\"async\" class=\"alignleft  wp-image-1468\" alt=\"Vigo composici\u00f3n\" src=\"https:\/\/www.agbridge.es\/wp-content\/uploads\/2013\/12\/Vigo-composici\u00f3n.jpg\" width=\"202\" height=\"148\" \/><\/a>Se ha celebrado la cuarta jornada del Campeonato de Galicia de Equipos Open (2013-2014); que con la excepcional colaboraci\u00f3n de todos los participantes, est\u00e1 logrando que el desarrollo del torneo sea ejemplar. Este pasado s\u00e1bado, 22 de Febrero de 2014, se dieron cita todos los equipos participantes en el C\u00edrculo Cultural Mercantil e Industrial de Vigo, en esta ocasi\u00f3n, el club anfitri\u00f3n. Despu\u00e9s de un magn\u00edfico cocido servido por el servicio de restauraci\u00f3n del Club, en el Sal\u00f3n Regio (el mismo en el que se celebr\u00f3 el Campeonato), y finalizada la comida, todos los jugadores de los equipos participantes comenzaron a jugar las dos rondas previstas (7 y 8) para esta jornada.<\/span><\/p>\n<p style=\"text-align: justify;\"><span style=\"font-size: small; font-family: arial, helvetica, sans-serif;\">Es necesario expresar nuestro especial agradecimiento al C\u00edrculo Cultural Mercantil e Industrial (a su Junta Directiva, y a todo el personal del Club); por su eficaz colaboraci\u00f3n, que nos permiti\u00f3 disfrutar de una estupenda jornada de bridge del Campeonato de Galicia de Equipos Open (2013-2014).<\/span><\/p>\n<p style=\"text-align: justify;\"><span style=\"font-size: small; font-family: arial, helvetica, sans-serif;\">Una vez m\u00e1s el d\u00eda de competici\u00f3n, con la comida (que reuni\u00f3 a m\u00e1s de sesenta jugadores), y las sesiones de juego, hicieron de \u00e9sta una espl\u00e9ndida jornada de confraternidad en torno al bridge; estupendo ambiente antes, durante y despu\u00e9s del juego.<\/span><\/p>\n<p style=\"text-align: justify;\"><span style=\"font-size: small; font-family: arial, helvetica, sans-serif;\">A continuaci\u00f3n incluimos copia de Bolet\u00edn enviado anticipadamente a los Capitanes de los equipos, y la informaci\u00f3n concreta de esta\u00a0<strong><em>cuarta sesi\u00f3n<\/em><\/strong>, as\u00ed como los resultados de las dos rondas jugadas en esta jornada, y la clasificaci\u00f3n provisional de los dos grupos:<\/span><\/p>\n<address style=\"text-align: justify;\"><span style=\"text-decoration: underline;\"><span style=\"font-size: small;\"><a href=\"https:\/\/www.agbridge.es\/wp-content\/uploads\/2013\/12\/Bolet\u00edn-n\u00ba-4.pdf\" target=\"_blank\">Bolet\u00edn n\u00ba 4. (Informaci\u00f3n espec\u00edfica de la 4\u00aa sesi\u00f3n)<\/a><\/span><\/span><\/address>\n<address><span style=\"text-decoration: underline;\"><span style=\"font-size: small;\"><a href=\"https:\/\/www.agbridge.es\/wp-content\/uploads\/2014\/02\/Cuadernillo-de-manos-4\u00aa-SESI\u00d3N.Open-Galica-Equipos-2013-14.pdf\" target=\"_blank\">Cuadernillo manos 4\u00aa SESI\u00d3N. Open Galicia Equipos 2013-14<\/a><\/span><\/span><\/address>\n<address><span style=\"text-decoration: underline;\"><span style=\"font-size: small;\"><a href=\"https:\/\/www.agbridge.es\/wp-content\/uploads\/2014\/02\/2014-02-22-04-10-Equipos-Open-de-Galicia-2013-2014.-Grupo-A-0040-7-8-Score-tables-ordered-by-table.pdf\" target=\"_blank\">Resultados y Clasificaci\u00f3n. Grupo A (Rondas 7 &#8211; 8)<\/a><\/span><\/span><\/address>\n<address><span style=\"text-decoration: underline;\"><span style=\"font-size: small;\"><a href=\"https:\/\/www.agbridge.es\/wp-content\/uploads\/2014\/02\/2014-02-22-04-10-Equipos-Open-de-Galicia-2013-2014.-Grupo-B-0023-7-8-Score-tables-ordered-by-table.pdf\" target=\"_blank\">Resultados y Clasificaci\u00f3n. Grupo B (Rondas 7 &#8211; 8)<\/a><\/span><\/span><\/address>\n<address>\u00a0<\/address>\n","protected":false},"excerpt":{"rendered":"<p>Se ha celebrado la cuarta jornada del Campeonato de Galicia de Equipos Open (2013-2014); que con la excepcional colaboraci\u00f3n de todos los participantes, est\u00e1 logrando que el desarrollo del torneo sea ejemplar. Este pasado s\u00e1bado, 22 de Febrero de 2014, &hellip; <a href=\"https:\/\/www.agbridge.es\/?page_id=1472\">Sigue leyendo <span class=\"meta-nav\">&rarr;<\/span><\/a><\/p>\n","protected":false},"author":1,"featured_media":0,"parent":0,"menu_order":0,"comment_status":"closed","ping_status":"open","template":"","meta":{"ngg_post_thumbnail":0,"footnotes":""},"class_list":["post-1472","page","type-page","status-publish","hentry"],"_links":{"self":[{"href":"https:\/\/www.agbridge.es\/index.php?rest_route=\/wp\/v2\/pages\/1472","targetHints":{"allow":["GET"]}}],"collection":[{"href":"https:\/\/www.agbridge.es\/index.php?rest_route=\/wp\/v2\/pages"}],"about":[{"href":"https:\/\/www.agbridge.es\/index.php?rest_route=\/wp\/v2\/types\/page"}],"author":[{"embeddable":true,"href":"https:\/\/www.agbridge.es\/index.php?rest_route=\/wp\/v2\/users\/1"}],"replies":[{"embeddable":true,"href":"https:\/\/www.agbridge.es\/index.php?rest_route=%2Fwp%2Fv2%2Fcomments&post=1472"}],"version-history":[{"count":0,"href":"https:\/\/www.agbridge.es\/index.php?rest_route=\/wp\/v2\/pages\/1472\/revisions"}],"wp:attachment":[{"href":"https:\/\/www.agbridge.es\/index.php?rest_route=%2Fwp%2Fv2%2Fmedia&parent=1472"}],"curies":[{"name":"wp","href":"https:\/\/api.w.org\/{rel}","templated":true}]}}