{"id":1443,"date":"2014-01-12T13:44:28","date_gmt":"2014-01-12T11:44:28","guid":{"rendered":"https:\/\/www.agbridge.es\/?page_id=1443"},"modified":"2014-03-09T13:09:47","modified_gmt":"2014-03-09T11:09:47","slug":"tercera-sesion-campeonato-de-galicia-de-equipos-open-2013-2014","status":"publish","type":"page","link":"https:\/\/www.agbridge.es\/?page_id=1443","title":{"rendered":"3\u00aa Sesi\u00f3n. Campeonato de Galicia de Equipos Open  (2013-2014)"},"content":{"rendered":"<p style=\"text-align: justify;\"><span style=\"font-size: small; font-family: arial, helvetica, sans-serif;\"><a href=\"https:\/\/www.agbridge.es\/wp-content\/uploads\/2012\/09\/Bandera-Galicia.-AGB.jpg\"><img loading=\"lazy\" decoding=\"async\" class=\"alignleft  wp-image-1087\" style=\"border: 1px solid black;\" alt=\"Logo AGB\" src=\"https:\/\/www.agbridge.es\/wp-content\/uploads\/2012\/09\/Bandera-Galicia.-AGB.jpg\" width=\"138\" height=\"92\" srcset=\"https:\/\/www.agbridge.es\/wp-content\/uploads\/2012\/09\/Bandera-Galicia.-AGB.jpg 600w, https:\/\/www.agbridge.es\/wp-content\/uploads\/2012\/09\/Bandera-Galicia.-AGB-300x200.jpg 300w\" sizes=\"auto, (max-width: 138px) 100vw, 138px\" \/><\/a>Concluida la tercera jornada del Campeonato de Galicia de Equipos Open (2013-2014) contin\u00faan super\u00e1ndose las mejores expectativas de este Torneo; este pasado s\u00e1bado, 11 de Enero de 2014, se dieron cita todos los equipos participantes en el Real Club N\u00e1utico de La Coru\u00f1a, Club anfitri\u00f3n en esta sesi\u00f3n, en un d\u00eda brillante, muy soleado y especialmente acogedor. Despu\u00e9s de la comida servida por el servicio de restauraci\u00f3n del Club, en el recinto de &#8216;El Pa\u00f1ol&#8217;, en la parte baja del edificio social, al borde del mar y con unas espl\u00e9ndidas vistas a La Marina coru\u00f1esa; los jugadores se trasladaron al Sal\u00f3n principal para disputar las dos rondas previstas (5 y 6) para esta jornada.<\/span><\/p>\n<p style=\"text-align: justify;\"><span style=\"font-size: small; font-family: arial, helvetica, sans-serif;\">Nuestro m\u00e1s sincero agradecimiento al Real Club N\u00e1utico de La Coru\u00f1a (a toda su Junta Directiva, y de manera muy especial, a su Presidente D. Germ\u00e1n Su\u00e1rez-Pumariega Lores), as\u00ed como a todo el personal del Club; por su colaboraci\u00f3n, su buena disposici\u00f3n y por las facilidades ofrecidas para organizar una estupenda jornada de bridge del Campeonato de Galicia de Equipos Open (2013-2014).<\/span><\/p>\n<p style=\"text-align: justify;\"><span style=\"font-size: small; font-family: arial, helvetica, sans-serif;\"><a href=\"https:\/\/www.agbridge.es\/wp-content\/uploads\/2013\/04\/La_Marina.1.jpg\"><img loading=\"lazy\" decoding=\"async\" class=\"alignleft  wp-image-1228\" alt=\"La_Marina.1\" src=\"https:\/\/www.agbridge.es\/wp-content\/uploads\/2013\/04\/La_Marina.1.jpg\" width=\"242\" height=\"171\" srcset=\"https:\/\/www.agbridge.es\/wp-content\/uploads\/2013\/04\/La_Marina.1.jpg 1020w, https:\/\/www.agbridge.es\/wp-content\/uploads\/2013\/04\/La_Marina.1-300x211.jpg 300w\" sizes=\"auto, (max-width: 242px) 100vw, 242px\" \/><\/a>De nuevo acudieron puntualmente los (20) VEINTE equipos inscritos, con algunos jugadores &#8216;nuevos&#8217;, en alg\u00fan caso motivados por inesperadas bajas por dolencias propias de la temporada invernal, y en otros casos por relevos naturales (como se dir\u00eda en t\u00e9rminos futbol\u00edsticos, por &#8216;cambios en el banquillo&#8217;); los jugadores de los equipos de Vigo y Pontevedra, se desplazaron en un moderno, r\u00e1pido y muy animado autob\u00fas, y llegaron al R. C. N\u00e1utico, d\u00f3nde fueron recibidos por un inesperado magn\u00edfico d\u00eda soleado, con tiempo para disfrutar -antes de la comida- de un aperitivo en la terraza del Club; all\u00ed coincidieron con los jugadores de Santiago, Ferrol y muchos de los jugadores locales para degustar una rica comida, en una nueva jornada de convivencia, previa a la disputada competici\u00f3n.<\/span><\/p>\n<p style=\"text-align: justify;\"><span style=\"font-size: small; font-family: arial, helvetica, sans-serif;\">A continuaci\u00f3n incluimos copia de Bolet\u00edn enviado anticipadamente a los Capitanes de los equipos, y la informaci\u00f3n concreta de esta <strong><em>tercera sesi\u00f3n<\/em><\/strong>, as\u00ed como los resultados de las dos rondas jugadas en esta jornada, y la clasificaci\u00f3n provisional de los dos grupos:<\/span><\/p>\n<address><span style=\"text-decoration: underline;\"><span style=\"font-size: small;\"><a href=\"https:\/\/www.agbridge.es\/wp-content\/uploads\/2013\/12\/Bolet\u00edn-n\u00ba-3.pdf\" target=\"_blank\">Bolet\u00edn n\u00ba 3. (Informaci\u00f3n espec\u00edfica sobre la 3\u00aa sesi\u00f3n de juego)<\/a><\/span><\/span><\/address>\n<address><span style=\"text-decoration: underline;\"><span style=\"font-size: small;\"><a href=\"https:\/\/www.agbridge.es\/wp-content\/uploads\/2014\/01\/Cuadernillo-manos-3\u00aa-JORNADA.pdf\" target=\"_blank\">Cuadernillo Manos 3\u00aa jornada<\/a><\/span><\/span><\/address>\n<address><span style=\"text-decoration: underline;\"><span style=\"font-size: small;\"><a href=\"https:\/\/www.agbridge.es\/wp-content\/uploads\/2014\/01\/Resultados-y-Clasificaci\u00f3n.-Grupo-A-Rondas-5-6.pdf\" target=\"_blank\">Resultados y Clasificaci\u00f3n. Grupo A (Rondas 5-6)<\/a><\/span><\/span><\/address>\n<address><span style=\"text-decoration: underline;\"><span style=\"font-size: small;\"><a href=\"https:\/\/www.agbridge.es\/wp-content\/uploads\/2014\/01\/Resultados-y-Clasificaci\u00f3n.-Grupo-B-Rondas-5-6.pdf\" target=\"_blank\">Resultados y Clasificaci\u00f3n. Grupo B (Rondas 5-6)<\/a><\/span><\/span><\/address>\n","protected":false},"excerpt":{"rendered":"<p>Concluida la tercera jornada del Campeonato de Galicia de Equipos Open (2013-2014) contin\u00faan super\u00e1ndose las mejores expectativas de este Torneo; este pasado s\u00e1bado, 11 de Enero de 2014, se dieron cita todos los equipos participantes en el Real Club N\u00e1utico &hellip; <a href=\"https:\/\/www.agbridge.es\/?page_id=1443\">Sigue leyendo <span class=\"meta-nav\">&rarr;<\/span><\/a><\/p>\n","protected":false},"author":1,"featured_media":0,"parent":0,"menu_order":0,"comment_status":"closed","ping_status":"open","template":"","meta":{"ngg_post_thumbnail":0,"footnotes":""},"class_list":["post-1443","page","type-page","status-publish","hentry"],"_links":{"self":[{"href":"https:\/\/www.agbridge.es\/index.php?rest_route=\/wp\/v2\/pages\/1443","targetHints":{"allow":["GET"]}}],"collection":[{"href":"https:\/\/www.agbridge.es\/index.php?rest_route=\/wp\/v2\/pages"}],"about":[{"href":"https:\/\/www.agbridge.es\/index.php?rest_route=\/wp\/v2\/types\/page"}],"author":[{"embeddable":true,"href":"https:\/\/www.agbridge.es\/index.php?rest_route=\/wp\/v2\/users\/1"}],"replies":[{"embeddable":true,"href":"https:\/\/www.agbridge.es\/index.php?rest_route=%2Fwp%2Fv2%2Fcomments&post=1443"}],"version-history":[{"count":0,"href":"https:\/\/www.agbridge.es\/index.php?rest_route=\/wp\/v2\/pages\/1443\/revisions"}],"wp:attachment":[{"href":"https:\/\/www.agbridge.es\/index.php?rest_route=%2Fwp%2Fv2%2Fmedia&parent=1443"}],"curies":[{"name":"wp","href":"https:\/\/api.w.org\/{rel}","templated":true}]}}