{"id":1432,"date":"2013-12-16T09:46:06","date_gmt":"2013-12-16T07:46:06","guid":{"rendered":"https:\/\/www.agbridge.es\/?page_id=1432"},"modified":"2014-03-09T13:09:00","modified_gmt":"2014-03-09T11:09:00","slug":"segunda-sesion-campeonato-de-galicia-de-equipos-open-2013-2014","status":"publish","type":"page","link":"https:\/\/www.agbridge.es\/?page_id=1432","title":{"rendered":"2\u00aa Sesi\u00f3n. Campeonato de Galicia de Equipos Open (2013-2014)"},"content":{"rendered":"<p style=\"text-align: justify;\"><span style=\"font-size: small; font-family: arial, helvetica, sans-serif;\"><a href=\"https:\/\/www.agbridge.es\/wp-content\/uploads\/2012\/09\/Bandera-Galicia.-AGB.jpg\"><img loading=\"lazy\" decoding=\"async\" class=\"alignleft  wp-image-1087\" style=\"border: 1px solid black;\" alt=\"Logo AGB\" src=\"https:\/\/www.agbridge.es\/wp-content\/uploads\/2012\/09\/Bandera-Galicia.-AGB.jpg\" width=\"138\" height=\"92\" srcset=\"https:\/\/www.agbridge.es\/wp-content\/uploads\/2012\/09\/Bandera-Galicia.-AGB.jpg 600w, https:\/\/www.agbridge.es\/wp-content\/uploads\/2012\/09\/Bandera-Galicia.-AGB-300x200.jpg 300w\" sizes=\"auto, (max-width: 138px) 100vw, 138px\" \/><\/a>Nueva jornada del Campeonato de Galicia de Equipos Open (2013-2014); como figuraba en el programa, este pasado s\u00e1bado, 14 de Diciembre de 2013, se celebr\u00f3 la segunda jornada del Torneo; en esta ocasi\u00f3n, la cita fue en las magn\u00edficas instalaciones del Liceo Casino de Pontevedra, en la calle Manuel Quiroga, en el centro de la ciudad del L\u00e9rez. El Club anfitri\u00f3n puso a disposici\u00f3n de la organizaci\u00f3n del Campeonato todas sus instalaciones, lo que permiti\u00f3 organizar de forma impecable una nueva sesi\u00f3n del Torneo. Destacar el espl\u00e9ndido servicio de restauraci\u00f3n que el Liceo Casino, ofreci\u00f3 a los jugadores que acudieron a comer al Club; un espl\u00e9ndido men\u00fa, perfectamente servido. Agradecer adem\u00e1s a Jos\u00e9 Garc\u00eda Olivares (vocal de la Asociaci\u00f3n Gallega de Bridge en Pontevedra) y a Sabela Dom\u00ednguez Vaz (Delegada de Bridge), por todas las gestiones realizadas ante el Liceo Casino de Pontevedra y por el seguimiento personal que hicieron de todos los detalles que permitieron asegurar el \u00e9xito absoluto de esta nueva convocatoria<\/span><\/p>\n<p style=\"text-align: justify;\"><span style=\"font-size: small; font-family: arial, helvetica, sans-serif;\"><a href=\"https:\/\/www.agbridge.es\/wp-content\/uploads\/2013\/05\/casto-san-pedro-pontevedra.jpg\"><img loading=\"lazy\" decoding=\"async\" class=\"alignleft  wp-image-1267\" alt=\"casto-san-pedro-pontevedra\" src=\"https:\/\/www.agbridge.es\/wp-content\/uploads\/2013\/05\/casto-san-pedro-pontevedra.jpg\" width=\"208\" height=\"155\" srcset=\"https:\/\/www.agbridge.es\/wp-content\/uploads\/2013\/05\/casto-san-pedro-pontevedra.jpg 1600w, https:\/\/www.agbridge.es\/wp-content\/uploads\/2013\/05\/casto-san-pedro-pontevedra-300x225.jpg 300w, https:\/\/www.agbridge.es\/wp-content\/uploads\/2013\/05\/casto-san-pedro-pontevedra-1024x768.jpg 1024w\" sizes=\"auto, (max-width: 208px) 100vw, 208px\" \/><\/a>A esta segunda sesi\u00f3n del Campeonato, acudieron una vez m\u00e1s los (20) VEINTE equipos inscritos, &#8216;alineando&#8217; a m\u00e1s de ochenta animados jugadores de bridge procedentes de Ferrol, La Coru\u00f1a, Santiago, Vigo y de Pontevedra; como en la jornada anterior, algunos equipos acudieron con los jugadores titulares y alg\u00fan \u2018reserva\u2019 para las sustituciones (permitidas por el Reglamento del Campeonato).<\/span><\/p>\n<p style=\"text-align: justify;\"><span style=\"font-size: small; font-family: arial, helvetica, sans-serif;\">Superada esta segunda jornada, y considerando la extraordinaria aportaci\u00f3n de los anfitriones (Liceo Casino y de los jugadores de Pontevedra que colaboraron en la organizaci\u00f3n), podemos afirmar que, de momento, el Campeonato \u00a0de Galicia de Equipos Open (2013-2014), discurre superando las mejores expectativas iniciales; de nuevo el extraordinario ambiente vivido en esta jornada, de compa\u00f1erismo y deportividad, nos hacen ser especialmente optimistas, y mantener la ilusi\u00f3n de que este Torneo, conseguir\u00e1 los objetivos que se persegu\u00edan cuando se gest\u00f3 su organizaci\u00f3n.<\/span><\/p>\n<p style=\"text-align: justify;\"><span style=\"font-size: small;\">A continuaci\u00f3n incluimos copia de todos los documentos enviados anticipadamente a los Capitanes de los equipos, y la informaci\u00f3n concreta de esta segunda sesi\u00f3n, as\u00ed como los resultados de las cuatro primeras rondas jugadas y la clasificaci\u00f3n provisional de los dos grupos:<\/span><\/p>\n<address><span style=\"font-size: small;\"><a href=\"https:\/\/www.agbridge.es\/wp-content\/uploads\/2013\/12\/Bolet\u00edn-n\u00ba-2.pdf\" target=\"_blank\">Bolet\u00edn n\u00ba 2<\/a><\/span><\/address>\n<address><span style=\"font-size: small;\"><a href=\"https:\/\/www.agbridge.es\/wp-content\/uploads\/2013\/12\/Cuadernillo-Manos-2\u00aa-JORNADA.pdf\" target=\"_blank\">Cuadernillo Manos 2\u00aa JORNADA<\/a><\/span><\/address>\n<address><span style=\"font-size: small;\"><a href=\"https:\/\/www.agbridge.es\/wp-content\/uploads\/2013\/12\/Resultados-y-Clasificaci\u00f3n.-Grupo-A-Rondas-1-4.pdf\" target=\"_blank\">Resultados y Clasificaci\u00f3n. Grupo A (Rondas 1-4)<\/a><\/span><\/address>\n<address><span style=\"font-size: small;\"><a href=\"https:\/\/www.agbridge.es\/wp-content\/uploads\/2013\/12\/Resultados-y-Clasificaci\u00f3n.-Grupo-B-Rondas-1-4.pdf\" target=\"_blank\">Resultados y Clasificaci\u00f3n. Grupo B (Rondas 1-4)<\/a><\/span><\/address>\n<address>\u00a0<\/address>\n","protected":false},"excerpt":{"rendered":"<p>Nueva jornada del Campeonato de Galicia de Equipos Open (2013-2014); como figuraba en el programa, este pasado s\u00e1bado, 14 de Diciembre de 2013, se celebr\u00f3 la segunda jornada del Torneo; en esta ocasi\u00f3n, la cita fue en las magn\u00edficas instalaciones &hellip; <a href=\"https:\/\/www.agbridge.es\/?page_id=1432\">Sigue leyendo <span class=\"meta-nav\">&rarr;<\/span><\/a><\/p>\n","protected":false},"author":1,"featured_media":0,"parent":0,"menu_order":0,"comment_status":"closed","ping_status":"open","template":"","meta":{"ngg_post_thumbnail":0,"footnotes":""},"class_list":["post-1432","page","type-page","status-publish","hentry"],"_links":{"self":[{"href":"https:\/\/www.agbridge.es\/index.php?rest_route=\/wp\/v2\/pages\/1432","targetHints":{"allow":["GET"]}}],"collection":[{"href":"https:\/\/www.agbridge.es\/index.php?rest_route=\/wp\/v2\/pages"}],"about":[{"href":"https:\/\/www.agbridge.es\/index.php?rest_route=\/wp\/v2\/types\/page"}],"author":[{"embeddable":true,"href":"https:\/\/www.agbridge.es\/index.php?rest_route=\/wp\/v2\/users\/1"}],"replies":[{"embeddable":true,"href":"https:\/\/www.agbridge.es\/index.php?rest_route=%2Fwp%2Fv2%2Fcomments&post=1432"}],"version-history":[{"count":0,"href":"https:\/\/www.agbridge.es\/index.php?rest_route=\/wp\/v2\/pages\/1432\/revisions"}],"wp:attachment":[{"href":"https:\/\/www.agbridge.es\/index.php?rest_route=%2Fwp%2Fv2%2Fmedia&parent=1432"}],"curies":[{"name":"wp","href":"https:\/\/api.w.org\/{rel}","templated":true}]}}