{"id":1409,"date":"2013-11-17T19:03:10","date_gmt":"2013-11-17T17:03:10","guid":{"rendered":"https:\/\/www.agbridge.es\/?page_id=1409"},"modified":"2014-03-09T13:08:17","modified_gmt":"2014-03-09T11:08:17","slug":"primera-sesion-campeonato-de-galicia-de-equipos-open-2013-2014","status":"publish","type":"page","link":"https:\/\/www.agbridge.es\/?page_id=1409","title":{"rendered":"1\u00aa Sesi\u00f3n. Campeonato de Galicia de Equipos Open (2013-2014)"},"content":{"rendered":"<p style=\"text-align: justify;\"><span style=\"font-family: arial, helvetica, sans-serif;\"><span style=\"font-size: small;\"><span style=\"font-family: arial, helvetica, sans-serif;\"><a href=\"https:\/\/www.agbridge.es\/wp-content\/uploads\/2012\/09\/Bandera-Galicia.-AGB.jpg\"><img loading=\"lazy\" decoding=\"async\" class=\"alignleft  wp-image-1087\" style=\"border: 1px solid black;\" alt=\"Logo AGB\" src=\"https:\/\/www.agbridge.es\/wp-content\/uploads\/2012\/09\/Bandera-Galicia.-AGB.jpg\" width=\"138\" height=\"92\" srcset=\"https:\/\/www.agbridge.es\/wp-content\/uploads\/2012\/09\/Bandera-Galicia.-AGB.jpg 600w, https:\/\/www.agbridge.es\/wp-content\/uploads\/2012\/09\/Bandera-Galicia.-AGB-300x200.jpg 300w\" sizes=\"auto, (max-width: 138px) 100vw, 138px\" \/><\/a>El pasado s\u00e1bado, d\u00eda 16 de Noviembre de 2013, se inici\u00f3, de acuerdo con el programa establecido, el Campeonato de Galicia de Equipos Open (2013-2014); esta primera jornada se celebr\u00f3 en las instalaciones del Real Aero Club de Santiago de Compostela, en la sede social de esta entidad, sito en la calle General Pardi\u00f1as, en el centro de la ciudad. El Club anfitri\u00f3n, dispuso el Sal\u00f3n &#8211; Comedor principal como recinto del torneo, que sirvi\u00f3 adem\u00e1s -previamente- de comedor para todos los jugadores participantes que\u00a0acudieron a comer (pr\u00e1cticamente la totalidad de los asistentes al torneo); las gestiones de la Delegada de Bridge del Club, Marisa Rodr\u00edguez Pereira, hicieron que la organizaci\u00f3n resultase un\u00a0<\/span>completo<span style=\"font-family: arial, helvetica, sans-serif;\">\u00a0\u00e9xito.<\/span><\/span><\/span><\/p>\n<p style=\"text-align: justify;\"><span style=\"font-family: arial, helvetica, sans-serif; font-size: small;\"><a href=\"https:\/\/www.agbridge.es\/wp-content\/uploads\/2012\/09\/Catedral.2.jpg\"><img loading=\"lazy\" decoding=\"async\" class=\"alignleft  wp-image-1088\" alt=\"Catedral\" src=\"https:\/\/www.agbridge.es\/wp-content\/uploads\/2012\/09\/Catedral.2.jpg\" width=\"173\" height=\"114\" srcset=\"https:\/\/www.agbridge.es\/wp-content\/uploads\/2012\/09\/Catedral.2.jpg 408w, https:\/\/www.agbridge.es\/wp-content\/uploads\/2012\/09\/Catedral.2-300x199.jpg 300w\" sizes=\"auto, (max-width: 173px) 100vw, 173px\" \/><\/a><\/span><span style=\"font-family: arial, helvetica, sans-serif; font-size: small;\"><span style=\"font-family: arial, helvetica, sans-serif;\">A esta primera cita, acudieron m\u00e1s de ochenta jugadores de bridge procedentes de diversos puntos de Galicia, formando parte de los (20) VEINTE equipos inscritos (algunos equipos acudieron con los cuatro jugadores titulares y alg\u00fan &#8216;reserva&#8217; para las sustituciones) para competir en esta jornada inaugural.<\/span><\/span><\/p>\n<p style=\"text-align: justify;\"><span style=\"font-family: arial, helvetica, sans-serif; font-size: small;\">El resultado de esta primera jornada, no puede ser m\u00e1s satisfactorio, adem\u00e1s del \u00e9xito de participaci\u00f3n (ya asegurado por las inscripciones), y deportivo (las dos rondas se desarrollaron con absoluta regularidad, nada f\u00e1cil en un torneo con dos grupos de diez equipos con doce manos a jugar en cada ronda, en el que es imprescindible mantener una perfecta coordinaci\u00f3n); el ambiente animado que se vivi\u00f3 en Santiago (de completa armon\u00eda, y de gran colaboraci\u00f3n de los jugadores m\u00e1s expertos, veteranos en estas lides, con los jugadores m\u00e1s noveles, algunos de los cuales jugaban por primera vez un torneo de equipos, con un formato desconocido para ellos); hacen que este Campeonato se convierta en un referente indispensable en los torneos de Bridge en Galicia.\u00a0<\/span><\/p>\n<p style=\"text-align: justify;\"><span style=\"font-family: arial, helvetica, sans-serif; font-size: small;\">A continuaci\u00f3n incluimos copia de todos los documentos enviados anticipadamente a los Capitanes de los equipos, y la informaci\u00f3n concreta de esta primera\u00a0<\/span><span style=\"font-family: arial, helvetica, sans-serif; font-size: small;\"><span style=\"line-height: 19px;\">sesi\u00f3n, as\u00ed como los resultados de las dos primeras rondas jugadas y la clasificaci\u00f3n provisional de los dos grupos:<\/span><\/span><\/p>\n<address><span style=\"text-decoration: underline; font-family: georgia, palatino; font-size: small;\"><a title=\"Bolet\u00edn informativo n\u00ba 1\" href=\"https:\/\/www.agbridge.es\/wp-content\/uploads\/2013\/11\/Bolet\u00edn-n\u00ba-1.pdf\" target=\"_blank\">Bolet\u00edn n\u00ba 1<\/a><\/span><\/address>\n<address><span style=\"text-decoration: underline; font-family: georgia, palatino; font-size: small;\"><a href=\"https:\/\/www.agbridge.es\/wp-content\/uploads\/2013\/11\/Informaci\u00f3n-1\u00aa-Sesi\u00f3n.pdf\" target=\"_blank\">Informaci\u00f3n 1\u00aa Sesi\u00f3n<\/a><\/span><\/address>\n<address><span style=\"text-decoration: underline; font-family: georgia, palatino; font-size: small;\"><a href=\"https:\/\/www.agbridge.es\/wp-content\/uploads\/2013\/11\/Cuadernillo-Manos-1\u00aa-JORNADA.pdf\" target=\"_blank\">Cuadernillo Manos 1\u00aa JORNADA<\/a><\/span><\/address>\n<address><span style=\"font-size: small;\"><span style=\"text-decoration: underline;\"><a href=\"https:\/\/www.agbridge.es\/wp-content\/uploads\/2013\/11\/Resultados.-Grupo-A-Rondas-1-2.pdf\" target=\"_blank\">Resultados. Grupo A (Rondas 1-2)<\/a><\/span>\u00a0\u00a0MODIFICADO posteriormente por reclamaci\u00f3n de equipos<span style=\"text-decoration: underline; font-family: georgia, palatino;\"><br \/><\/span><\/span><\/address>\n<address><span style=\"font-size: small;\"><span style=\"text-decoration: underline; font-family: georgia, palatino;\"><a href=\"https:\/\/www.agbridge.es\/wp-content\/uploads\/2013\/11\/Resultados.-Grupo-B-Rondas-1-2.pdf\" target=\"_blank\">Resultados. Grupo B (Rondas 1-2)<\/a><\/span>\u00a0\u00a0MODIFICADO posteriormente por reclamaci\u00f3n de equipos<\/span><\/address>\n<p style=\"text-align: justify;\"><span style=\"font-size: small;\">Los resultados publicados inicialmente se modificaron como consecuencia de Reclamaciones presentadas por dos equipos (uno de cada grupo); el error ten\u00eda su origen en una deficiente redacci\u00f3n del Acta de resultados que hab\u00edan presentado, de conformidad, y\u00a0<span style=\"line-height: 19px;\">debidamente<\/span>\u00a0firmadas los equipos. Una vez revisadas las Hojas de Puntuaci\u00f3n de todas las manos jugadas (que\u00a0todav\u00eda conservaban todos los equipos), se pudo comprobar la causa del error, y -de acuerdo los dos equipos implicados- se\u00a0procedi\u00f3 a rectificar el resultado del\u00a0partido y la clasificaci\u00f3n de los equipos; a destacar la excepcional deportividad demostrada por los equipos afectados, a los que agradecemos su excelente disposici\u00f3n y colaboraci\u00f3n.<\/span><\/p>\n<address><span style=\"text-decoration: underline;\"><span style=\"font-size: small;\"><a href=\"https:\/\/www.agbridge.es\/wp-content\/uploads\/2013\/12\/Resultados-Rondas-1-2.-Grupo-A.pdf\">Resultados Rondas 1-2. Grupo A<\/a><\/span><\/span><span style=\"font-size: small;\">\u00a0\u00a0<strong>DEFINITIVO<\/strong><\/span><\/address>\n<address><span style=\"text-decoration: underline;\"><span style=\"font-size: small;\"><a href=\"https:\/\/www.agbridge.es\/wp-content\/uploads\/2013\/12\/Resultados-Rondas-1-2.-Grupo-B.pdf\">Resultados Rondas 1-2. Grupo B<\/a><\/span><\/span><span style=\"font-size: small;\">\u00a0\u00a0<strong>DEFINITIVO<\/strong><\/span><\/address>\n<address><span style=\"font-family: arial, helvetica, sans-serif; font-size: small;\">Galer\u00eda Fotogr\u00e1fica:<\/span><\/address>\n<address>ngg_shortcode_0_placeholder<\/address>\n<address>\u00a0<\/address>\n","protected":false},"excerpt":{"rendered":"<p>El pasado s\u00e1bado, d\u00eda 16 de Noviembre de 2013, se inici\u00f3, de acuerdo con el programa establecido, el Campeonato de Galicia de Equipos Open (2013-2014); esta primera jornada se celebr\u00f3 en las instalaciones del Real Aero Club de Santiago de &hellip; <a href=\"https:\/\/www.agbridge.es\/?page_id=1409\">Sigue leyendo <span class=\"meta-nav\">&rarr;<\/span><\/a><\/p>\n","protected":false},"author":1,"featured_media":0,"parent":0,"menu_order":0,"comment_status":"closed","ping_status":"open","template":"","meta":{"ngg_post_thumbnail":0,"footnotes":""},"class_list":["post-1409","page","type-page","status-publish","hentry"],"_links":{"self":[{"href":"https:\/\/www.agbridge.es\/index.php?rest_route=\/wp\/v2\/pages\/1409","targetHints":{"allow":["GET"]}}],"collection":[{"href":"https:\/\/www.agbridge.es\/index.php?rest_route=\/wp\/v2\/pages"}],"about":[{"href":"https:\/\/www.agbridge.es\/index.php?rest_route=\/wp\/v2\/types\/page"}],"author":[{"embeddable":true,"href":"https:\/\/www.agbridge.es\/index.php?rest_route=\/wp\/v2\/users\/1"}],"replies":[{"embeddable":true,"href":"https:\/\/www.agbridge.es\/index.php?rest_route=%2Fwp%2Fv2%2Fcomments&post=1409"}],"version-history":[{"count":0,"href":"https:\/\/www.agbridge.es\/index.php?rest_route=\/wp\/v2\/pages\/1409\/revisions"}],"wp:attachment":[{"href":"https:\/\/www.agbridge.es\/index.php?rest_route=%2Fwp%2Fv2%2Fmedia&parent=1409"}],"curies":[{"name":"wp","href":"https:\/\/api.w.org\/{rel}","templated":true}]}}