{"id":1400,"date":"2013-11-17T14:25:57","date_gmt":"2013-11-17T12:25:57","guid":{"rendered":"https:\/\/www.agbridge.es\/?page_id=1400"},"modified":"2013-11-17T22:11:41","modified_gmt":"2013-11-17T20:11:41","slug":"anuncio-del-campeonato-de-galicia-de-equipos-open-2013-2014","status":"publish","type":"page","link":"https:\/\/www.agbridge.es\/?page_id=1400","title":{"rendered":"Anuncio del Campeonato de Galicia de Equipos Open (2013-2014)"},"content":{"rendered":"<p style=\"text-align: justify;\"><span style=\"font-size: small; font-family: arial, helvetica, sans-serif;\"><a href=\"https:\/\/www.agbridge.es\/wp-content\/uploads\/2012\/09\/Bandera-Galicia.-AGB.jpg\"><img loading=\"lazy\" decoding=\"async\" class=\"alignleft  wp-image-1087\" style=\"border: 1px solid black;\" alt=\"Logo AGB\" src=\"https:\/\/www.agbridge.es\/wp-content\/uploads\/2012\/09\/Bandera-Galicia.-AGB.jpg\" width=\"140\" height=\"94\" srcset=\"https:\/\/www.agbridge.es\/wp-content\/uploads\/2012\/09\/Bandera-Galicia.-AGB.jpg 600w, https:\/\/www.agbridge.es\/wp-content\/uploads\/2012\/09\/Bandera-Galicia.-AGB-300x200.jpg 300w\" sizes=\"auto, (max-width: 140px) 100vw, 140px\" \/><\/a>Desde la Asociaci\u00f3n Gallega de Bridge (A.G.B.), y respondiendo a la iniciativa de algunos de los miembros de su Junta Directiva, se ha tomado la decisi\u00f3n de organizar y patrocinar un Campeonato de Galicia de Equipos Open.<\/span><\/p>\n<p style=\"text-align: justify;\"><span style=\"font-size: small; font-family: arial, helvetica, sans-serif;\">Este Campeonato est\u00e1 abierto a todos los jugadores de bridge federados de Galicia, y nace con intenci\u00f3n de continuidad y con la ilusi\u00f3n de que, en un futuro inmediato, se consolide como una prueba de referencia en el calendario de torneos de nuestra Comunidad. El objetivo principal\u00a0es, adem\u00e1s, impulsar el contacto entre los jugadores de las distintas ciudades gallegas, fomentando el conocimiento personal, de manera que permita establecer nuevos o renovados v\u00ednculos entre todos los jugadores, estimulando, con esta uni\u00f3n, una mayor participaci\u00f3n en todos los torneos oficiales que se organizan en Galicia. Adem\u00e1s consideramos que el formato de juego elegido, (jugar por equipos, es el sistema preferido por los grandes jugadores de bridge, porque con esta modalidad se logra minimizar el ya escaso factor suerte de este juego), aporta alicientes adicionales a esta competici\u00f3n.<\/span><\/p>\n<p style=\"text-align: justify;\"><span style=\"font-size: small; font-family: arial, helvetica, sans-serif;\"><a href=\"https:\/\/www.agbridge.es\/wp-content\/uploads\/2013\/06\/A-Coruna-mi.jpg\"><img loading=\"lazy\" decoding=\"async\" alt=\"A-Coruna-mi\" src=\"https:\/\/www.agbridge.es\/wp-content\/uploads\/2013\/06\/A-Coruna-mi.jpg\" width=\"307\" height=\"202\" \/><\/a><img loading=\"lazy\" decoding=\"async\" alt=\"800px-R\u00eda_de_Vigo_Galicia\" src=\"https:\/\/www.agbridge.es\/wp-content\/uploads\/2013\/10\/800px-R\u00eda_de_Vigo_Galicia.jpg\" width=\"276\" height=\"202\" \/><\/span><\/p>\n<p style=\"text-align: justify;\"><span style=\"font-size: small; font-family: arial, helvetica, sans-serif;\">El Campeonato de Galicia de Equipos Open, est\u00e1 previsto que tenga car\u00e1cter itinerante, con varias sedes de juego repartidas en diversos clubes de bridge de Galicia, que ejercer\u00e1n de anfitriones en distintas jornadas; para facilitar los desplazamientos de los jugadores participantes, las clubes seleccionados estar\u00e1n situados \u00a0en el eje La Coru\u00f1a &#8211; Vigo (ser\u00e1n sedes del Campeonato: La Coru\u00f1a, Santiago de Compostela, Pontevedra y Vigo); estas cuatro ciudades disponen de v\u00edas de comunicaci\u00f3n eficaces y r\u00e1pidas (por carretera y ferrocarril), factor \u00e9ste que consideramos de gran importancia para conseguir una importante\u00a0participaci\u00f3n. El horario de juego de las distintas jornadas, ser\u00e1 compatible con el horario de trenes en las conexiones entre todas las ciudades citadas.<\/span><\/p>\n<p style=\"text-align: justify;\"><span style=\"font-size: small; font-family: arial, helvetica, sans-serif;\"><a href=\"https:\/\/www.agbridge.es\/wp-content\/uploads\/2013\/05\/casto-san-pedro-pontevedra.jpg\"><img loading=\"lazy\" decoding=\"async\" alt=\"casto-san-pedro-pontevedra\" src=\"https:\/\/www.agbridge.es\/wp-content\/uploads\/2013\/05\/casto-san-pedro-pontevedra.jpg\" width=\"277\" height=\"215\" \/><\/a><a href=\"https:\/\/www.agbridge.es\/wp-content\/uploads\/2012\/09\/Catedral.2.jpg\"><img loading=\"lazy\" decoding=\"async\" alt=\"Catedral\" src=\"https:\/\/www.agbridge.es\/wp-content\/uploads\/2012\/09\/Catedral.2.jpg\" width=\"330\" height=\"220\" \/><\/a><\/span><\/p>\n<p style=\"text-align: justify;\"><span style=\"font-size: small; font-family: arial, helvetica, sans-serif;\">El Campeonato de Galicia de Equipos Open, dar\u00e1 comienzo el pr\u00f3ximo mes de Noviembre (en el documento adjunto figura un calendario provisional), y se desarrollar\u00e1 durante seis o siete sesiones (dependiendo del programa definitivo que se establecer\u00e1 una vez conocido el n\u00famero de equipos inscritos), con una periodicidad de una jornada (s\u00e1bado) cada mes, hasta su finalizaci\u00f3n, estimada para el mes de Abril del pr\u00f3ximo a\u00f1o.<\/span><\/p>\n<address><span style=\"font-size: small; font-family: arial, helvetica, sans-serif;\">Ver informaci\u00f3n detallada en el siguiente documento:<\/span><\/address>\n<address><span style=\"font-size: small; font-family: arial, helvetica, sans-serif;\"><a href=\"https:\/\/www.agbridge.es\/wp-content\/uploads\/2013\/10\/Campeonato-de-Equipos-de-GALICIA.pdf\" target=\"_blank\">Reglamento del Campeonato de Galicia de Equipos Open<\/a><\/span><\/address>\n<p style=\"text-align: justify;\"><em><span style=\"font-size: small; font-family: georgia, palatino;\">Como consecuencia del \u00e9xito de la convocatoria del Campeonato, y de la magn\u00edfica acogida que tuvo entre los jugadores de bridge de Galicia, lamentablemente, alg\u00fan equipo se qued\u00f3 fuera del torneo por haber hecho la inscripci\u00f3n fuera de plazo, y por la decisi\u00f3n del Comit\u00e9 de Organizaci\u00f3n de limitar el n\u00famero de equipos, con el \u00fanico\u00a0objetivo\u00a0de conservar el equilibrio del torneo; m\u00e1s equipos har\u00edan\u00a0imposible mantener, con una estructura de dos grupos, el formato de juego actual (Liga Round Robin).<\/span><\/em><\/p>\n","protected":false},"excerpt":{"rendered":"<p>Desde la Asociaci\u00f3n Gallega de Bridge (A.G.B.), y respondiendo a la iniciativa de algunos de los miembros de su Junta Directiva, se ha tomado la decisi\u00f3n de organizar y patrocinar un Campeonato de Galicia de Equipos Open. Este Campeonato est\u00e1 &hellip; <a href=\"https:\/\/www.agbridge.es\/?page_id=1400\">Sigue leyendo <span class=\"meta-nav\">&rarr;<\/span><\/a><\/p>\n","protected":false},"author":1,"featured_media":0,"parent":0,"menu_order":0,"comment_status":"closed","ping_status":"open","template":"","meta":{"ngg_post_thumbnail":0,"footnotes":""},"class_list":["post-1400","page","type-page","status-publish","hentry"],"_links":{"self":[{"href":"https:\/\/www.agbridge.es\/index.php?rest_route=\/wp\/v2\/pages\/1400","targetHints":{"allow":["GET"]}}],"collection":[{"href":"https:\/\/www.agbridge.es\/index.php?rest_route=\/wp\/v2\/pages"}],"about":[{"href":"https:\/\/www.agbridge.es\/index.php?rest_route=\/wp\/v2\/types\/page"}],"author":[{"embeddable":true,"href":"https:\/\/www.agbridge.es\/index.php?rest_route=\/wp\/v2\/users\/1"}],"replies":[{"embeddable":true,"href":"https:\/\/www.agbridge.es\/index.php?rest_route=%2Fwp%2Fv2%2Fcomments&post=1400"}],"version-history":[{"count":0,"href":"https:\/\/www.agbridge.es\/index.php?rest_route=\/wp\/v2\/pages\/1400\/revisions"}],"wp:attachment":[{"href":"https:\/\/www.agbridge.es\/index.php?rest_route=%2Fwp%2Fv2%2Fmedia&parent=1400"}],"curies":[{"name":"wp","href":"https:\/\/api.w.org\/{rel}","templated":true}]}}